{"id":1093,"date":"2024-02-13T14:26:13","date_gmt":"2024-02-13T13:26:13","guid":{"rendered":"https:\/\/www.lyceehenaff.fr\/?page_id=1093"},"modified":"2025-09-02T11:27:49","modified_gmt":"2025-09-02T09:27:49","slug":"mot-de-la-proviseure","status":"publish","type":"page","link":"https:\/\/www.lyceehenaff.fr\/index.php\/mot-de-la-proviseure\/","title":{"rendered":"Mot de la Proviseure"},"content":{"rendered":"<p>[et_pb_section fb_built=\u00a0\u00bb1&Prime; _builder_version=\u00a0\u00bb4.23.1&Prime; _module_preset=\u00a0\u00bbdefault\u00a0\u00bb background_enable_image=\u00a0\u00bboff\u00a0\u00bb border_radii=\u00a0\u00bbon|10px|10px|10px|10px\u00a0\u00bb global_colors_info=\u00a0\u00bb{}\u00a0\u00bb][et_pb_row _builder_version=\u00a0\u00bb4.23.1&Prime; _module_preset=\u00a0\u00bbdefault\u00a0\u00bb global_colors_info=\u00a0\u00bb{}\u00a0\u00bb][et_pb_column type=\u00a0\u00bb4_4&Prime; _builder_version=\u00a0\u00bb4.23.1&Prime; _module_preset=\u00a0\u00bbdefault\u00a0\u00bb global_colors_info=\u00a0\u00bb{}\u00a0\u00bb][et_pb_heading title=\u00a0\u00bbMot de la Proviseure\u00a0\u00bb _builder_version=\u00a0\u00bb4.23.4&Prime; _module_preset=\u00a0\u00bbdefault\u00a0\u00bb title_text_align=\u00a0\u00bbleft\u00a0\u00bb global_colors_info=\u00a0\u00bb{}\u00a0\u00bb][\/et_pb_heading][\/et_pb_column][\/et_pb_row][\/et_pb_section][et_pb_section fb_built=\u00a0\u00bb1&Prime; _builder_version=\u00a0\u00bb4.23.1&Prime; _module_preset=\u00a0\u00bbdefault\u00a0\u00bb custom_margin=\u00a0\u00bb-126px|||||\u00a0\u00bb custom_padding=\u00a0\u00bb36px|||||\u00a0\u00bb global_colors_info=\u00a0\u00bb{}\u00a0\u00bb][et_pb_row _builder_version=\u00a0\u00bb4.23.1&Prime; _module_preset=\u00a0\u00bbdefault\u00a0\u00bb custom_margin=\u00a0\u00bb1px|auto||auto||\u00a0\u00bb global_colors_info=\u00a0\u00bb{}\u00a0\u00bb][et_pb_column type=\u00a0\u00bb4_4&Prime; _builder_version=\u00a0\u00bb4.23.1&Prime; _module_preset=\u00a0\u00bbdefault\u00a0\u00bb global_colors_info=\u00a0\u00bb{}\u00a0\u00bb][et_pb_text _builder_version=\u00a0\u00bb4.27.4&Prime; _module_preset=\u00a0\u00bbdefault\u00a0\u00bb width=\u00a0\u00bb80%\u00a0\u00bb custom_margin=\u00a0\u00bb|422px||||\u00a0\u00bb custom_padding=\u00a0\u00bb0px|||||\u00a0\u00bb link_option_url_new_window=\u00a0\u00bbon\u00a0\u00bb hover_enabled=\u00a0\u00bb0&Prime; global_colors_info=\u00a0\u00bb{}\u00a0\u00bb sticky_enabled=\u00a0\u00bb0&Prime;]<\/p>\n<p>Chers visiteurs,<\/p>\n<p>Nous vous souhaitons la bienvenue sur le site internet du lyc\u00e9e polyvalent Eug\u00e8ne H\u00e9naff de Bagnolet, labellis\u00e9 l<span data-olk-copy-source=\"MessageBody\">yc\u00e9e des m\u00e9tiers d&rsquo;art, de la construction et de l&rsquo;efficacit\u00e9 \u00e9nerg\u00e9tique.<\/span><\/p>\n<p>Que vous soyez \u00e9l\u00e8ves, parents, ou partenaires, nous esp\u00e9rons que vous pourrez y trouver les informations dont vous avez besoin.<\/p>\n<p>R\u00e9guli\u00e8rement mis \u00e0 jour, ce site relate les actualit\u00e9s et met en exergue les projets p\u00e9dagogiques et \u00e9v\u00e9nements organis\u00e9s par nos \u00e9quipes.<\/p>\n<p>Le lyc\u00e9e Eug\u00e8ne H\u00e9naff propose une offre de formation vari\u00e9e\u00a0: des formations g\u00e9n\u00e9rales, technologiques et professionnelles, de l\u2019alternance, dont certaines sont porteuses et peu r\u00e9pandues sur le territoire.<\/p>\n<p>L\u2019\u00e9tablissement dispose de plateaux techniques performants qui permettent un enseignement adapt\u00e9 aux exigences des dipl\u00f4mes pr\u00e9par\u00e9s.<\/p>\n<p>L\u2019implication et l\u2019expertise des \u00e9quipes p\u00e9dagogiques donnent \u00e0 nos \u00e9l\u00e8ves toutes les chances de r\u00e9ussite. Les nombreux projets culturels, artistiques et sportifs ainsi que l\u2019ouverture europ\u00e9enne et internationale repr\u00e9sentent des atouts suppl\u00e9mentaires qui profitent largement aux \u00e9l\u00e8ves scolaris\u00e9s dans notre \u00e9tablissement.<\/p>\n<p>Les nombreux liens tiss\u00e9s avec nos partenaires, les collectivit\u00e9s territoriales, le tissu \u00e9conomique local, et les \u00e9tablissements d\u2019enseignement sup\u00e9rieur dans le cadre des cord\u00e9es de la r\u00e9ussite permettent de donner du sens aux apprentissages et offrent la possibilit\u00e9 \u00e0 nos \u00e9l\u00e8ves de construire leur projet d\u2019orientation.<\/p>\n<p>Dans le plus grand respect des valeurs de la R\u00e9publique et du service public d\u2019\u00e9ducation, le lyc\u00e9e Eug\u00e8ne H\u00e9naff de Bagnolet \u0153uvre au quotidien pour la r\u00e9ussite de tous ses \u00e9l\u00e8ves et les aide \u00e0 devenir des citoyens libres et \u00e9clair\u00e9s.<\/p>\n<p>&nbsp;<\/p>\n<p>&nbsp;<\/p>\n<p><strong> Agn\u00e8s P\u00e9rier-Schiano<\/strong><\/p>\n<p><strong>\u00a0 \u00a0 \u00a0 \u00a0 \u00a0 \u00a0 \u00a0 \u00a0 \u00a0 \u00a0 \u00a0 \u00a0 \u00a0 \u00a0 \u00a0 \u00a0 \u00a0 \u00a0 \u00a0 \u00a0 \u00a0 \u00a0 \u00a0 \u00a0 \u00a0 \u00a0 \u00a0 \u00a0 \u00a0 \u00a0 \u00a0 \u00a0 \u00a0 \u00a0 \u00a0 \u00a0 \u00a0 \u00a0 \u00a0 \u00a0 \u00a0 \u00a0 \u00a0 \u00a0 \u00a0 \u00a0 \u00a0 \u00a0 \u00a0 \u00a0 \u00a0 \u00a0 \u00a0 \u00a0 \u00a0 \u00a0 \u00a0 \u00a0 \u00a0 \u00a0 \u00a0 \u00a0 \u00a0 \u00a0 \u00a0 \u00a0 \u00a0 \u00a0 \u00a0 \u00a0 \u00a0 \u00a0 \u00a0 \u00a0 Proviseure<\/strong><\/p>\n<p>[\/et_pb_text][\/et_pb_column][\/et_pb_row][\/et_pb_section]<\/p>\n","protected":false},"excerpt":{"rendered":"<p>Chers visiteurs, Nous vous souhaitons la bienvenue sur le site internet du lyc\u00e9e polyvalent Eug\u00e8ne H\u00e9naff de Bagnolet, labellis\u00e9 lyc\u00e9e des m\u00e9tiers d&rsquo;art, de la construction et de l&rsquo;efficacit\u00e9 \u00e9nerg\u00e9tique. Que vous soyez \u00e9l\u00e8ves, parents, ou partenaires, nous esp\u00e9rons que vous pourrez y trouver les informations dont vous avez besoin. R\u00e9guli\u00e8rement mis \u00e0 jour, ce [&hellip;]<\/p>\n","protected":false},"author":2,"featured_media":0,"parent":0,"menu_order":0,"comment_status":"closed","ping_status":"closed","template":"","meta":{"_et_pb_use_builder":"on","_et_pb_old_content":"","_et_gb_content_width":"","footnotes":""},"class_list":["post-1093","page","type-page","status-publish","hentry"],"_links":{"self":[{"href":"https:\/\/www.lyceehenaff.fr\/index.php\/wp-json\/wp\/v2\/pages\/1093","targetHints":{"allow":["GET"]}}],"collection":[{"href":"https:\/\/www.lyceehenaff.fr\/index.php\/wp-json\/wp\/v2\/pages"}],"about":[{"href":"https:\/\/www.lyceehenaff.fr\/index.php\/wp-json\/wp\/v2\/types\/page"}],"author":[{"embeddable":true,"href":"https:\/\/www.lyceehenaff.fr\/index.php\/wp-json\/wp\/v2\/users\/2"}],"replies":[{"embeddable":true,"href":"https:\/\/www.lyceehenaff.fr\/index.php\/wp-json\/wp\/v2\/comments?post=1093"}],"version-history":[{"count":5,"href":"https:\/\/www.lyceehenaff.fr\/index.php\/wp-json\/wp\/v2\/pages\/1093\/revisions"}],"predecessor-version":[{"id":2284,"href":"https:\/\/www.lyceehenaff.fr\/index.php\/wp-json\/wp\/v2\/pages\/1093\/revisions\/2284"}],"wp:attachment":[{"href":"https:\/\/www.lyceehenaff.fr\/index.php\/wp-json\/wp\/v2\/media?parent=1093"}],"curies":[{"name":"wp","href":"https:\/\/api.w.org\/{rel}","templated":true}]}}