{"id":1534,"date":"2024-07-04T15:16:25","date_gmt":"2024-07-04T13:16:25","guid":{"rendered":"https:\/\/www.lyceehenaff.fr\/?page_id=1534"},"modified":"2024-11-07T15:32:59","modified_gmt":"2024-11-07T14:32:59","slug":"actions-et-projets","status":"publish","type":"page","link":"https:\/\/www.lyceehenaff.fr\/index.php\/actions-et-projets\/","title":{"rendered":"Actions et projets"},"content":{"rendered":"<p>[et_pb_section fb_built=\u00a0\u00bb1&Prime; _builder_version=\u00a0\u00bb4.23.1&Prime; _module_preset=\u00a0\u00bbdefault\u00a0\u00bb global_colors_info=\u00a0\u00bb{}\u00a0\u00bb][et_pb_row _builder_version=\u00a0\u00bb4.23.1&Prime; _module_preset=\u00a0\u00bbdefault\u00a0\u00bb global_colors_info=\u00a0\u00bb{}\u00a0\u00bb][et_pb_column type=\u00a0\u00bb4_4&Prime; _builder_version=\u00a0\u00bb4.23.1&Prime; _module_preset=\u00a0\u00bbdefault\u00a0\u00bb global_colors_info=\u00a0\u00bb{}\u00a0\u00bb][et_pb_heading title=\u00a0\u00bbActions et projets\u00a0\u00bb _builder_version=\u00a0\u00bb4.25.2&Prime; _module_preset=\u00a0\u00bbdefault\u00a0\u00bb global_colors_info=\u00a0\u00bb{}\u00a0\u00bb][\/et_pb_heading][\/et_pb_column][\/et_pb_row][et_pb_row _builder_version=\u00a0\u00bb4.23.1&Prime; _module_preset=\u00a0\u00bbdefault\u00a0\u00bb global_colors_info=\u00a0\u00bb{}\u00a0\u00bb][et_pb_column type=\u00a0\u00bb4_4&Prime; _builder_version=\u00a0\u00bb4.23.1&Prime; _module_preset=\u00a0\u00bbdefault\u00a0\u00bb global_colors_info=\u00a0\u00bb{}\u00a0\u00bb][et_pb_text _builder_version=\u00a0\u00bb4.27.2&Prime; _module_preset=\u00a0\u00bbdefault\u00a0\u00bb custom_padding=\u00a0\u00bb35px||0px|||\u00a0\u00bb global_colors_info=\u00a0\u00bb{}\u00a0\u00bb min_height=\u00a0\u00bb60.6px\u00a0\u00bb]<\/p>\n<div class=\"main\">\n<div class=\"crayon article-texte-687 texte surlignable clearfix\">\n<p><strong>2024 &#8211; 2025<\/strong><\/p>\n<p><strong><\/strong><\/p>\n<p><strong><\/strong><\/p>\n<p><strong><\/strong><\/p>\n<\/div>\n<div class=\"crayon article-texte-687 texte surlignable clearfix\">\n<p>&nbsp;<\/p>\n<\/div>\n<\/div>\n<p>[\/et_pb_text][et_pb_button button_text=\u00a0\u00bbProjets\u00a0\u00bb _builder_version=\u00a0\u00bb4.27.2&Prime; _module_preset=\u00a0\u00bbdefault\u00a0\u00bb hover_enabled=\u00a0\u00bb0&Prime; global_colors_info=\u00a0\u00bb{}\u00a0\u00bb button_url=\u00a0\u00bbhttps:\/\/lyceehenaff-my.sharepoint.com\/:w:\/g\/personal\/abad-valero_lyceehenaff_fr\/EZUtXA0OgM1Khbx4-fdr6s8B_MMFJCNhu1aqsumq7zT47g?rtime=4lFdqzj_3Eg\u00a0\u00bb sticky_enabled=\u00a0\u00bb0&Prime; button_alignment=\u00a0\u00bbcenter\u00a0\u00bb][\/et_pb_button][et_pb_text _builder_version=\u00a0\u00bb4.27.2&Prime; _module_preset=\u00a0\u00bbdefault\u00a0\u00bb custom_padding=\u00a0\u00bb35px||0px|||\u00a0\u00bb global_colors_info=\u00a0\u00bb{}\u00a0\u00bb]<\/p>\n<div class=\"main\">\n<div class=\"crayon article-texte-687 texte surlignable clearfix\">\n<p><strong>2022 &#8211; 2023<\/strong><\/p>\n<p><strong><\/strong><\/p>\n<p><strong><\/strong><\/p>\n<p><strong><\/strong><\/p>\n<\/div>\n<div class=\"crayon article-texte-687 texte surlignable clearfix\">\n<p>&nbsp;<\/p>\n<\/div>\n<\/div>\n<p>[\/et_pb_text][et_pb_button button_url=\u00a0\u00bbhttps:\/\/www.lyceehenaff.fr\/wp-content\/uploads\/2024\/07\/Projets-et-partenariats-en-cours-2022-2023.pdf\u00a0\u00bb url_new_window=\u00a0\u00bbon\u00a0\u00bb button_text=\u00a0\u00bbProjets\u00a0\u00bb button_alignment=\u00a0\u00bbcenter\u00a0\u00bb _builder_version=\u00a0\u00bb4.25.2&Prime; _module_preset=\u00a0\u00bbdefault\u00a0\u00bb custom_margin=\u00a0\u00bb-71px|||||\u00a0\u00bb global_colors_info=\u00a0\u00bb{}\u00a0\u00bb][\/et_pb_button][et_pb_text _builder_version=\u00a0\u00bb4.25.2&Prime; _module_preset=\u00a0\u00bbdefault\u00a0\u00bb custom_padding=\u00a0\u00bb35px|||||\u00a0\u00bb global_colors_info=\u00a0\u00bb{}\u00a0\u00bb]<\/p>\n<div class=\"main\">\n<div class=\"crayon article-texte-687 texte surlignable clearfix\">\n<p><strong>2021 &#8211; 2022<\/strong><\/p>\n<p><strong><\/strong><\/p>\n<\/div>\n<div class=\"crayon article-texte-687 texte surlignable clearfix\"><\/div>\n<div class=\"crayon article-texte-687 texte surlignable clearfix\">\n<p><strong>ETWINNING<\/strong><\/p>\n<ul class=\"spip\">\n<li>\u00c9cole Etwinning<\/li>\n<\/ul>\n<ul class=\"spip\">\n<li>Correspondance avec la Turquie<\/li>\n<\/ul>\n<ul class=\"spip\">\n<li>2017-18 Unidos contre les clich\u00e9s<\/li>\n<\/ul>\n<ul class=\"spip\">\n<li>Journ\u00e9e de l\u2019Europe 2018<\/li>\n<\/ul>\n<ul class=\"spip\">\n<li>Journ\u00e9e de l\u2019Europe 2019<\/li>\n<\/ul>\n<ul class=\"spip\">\n<li>Journ\u00e9e franco allemande, le 22 janvier 2020<\/li>\n<\/ul>\n<ul class=\"spip\">\n<li>Correspondance avec la Turquie<\/li>\n<\/ul>\n<p><strong>RECOMPENSES ET PRIX<\/strong><\/p>\n<ul class=\"spip\">\n<li>Label Ecole Etwinning<\/li>\n<li>\u00ab\u00a0<strong>Jeunes ambassadeurs aux Etats Unis<\/strong>\u00a0\u00bb (2 semaines \u00e0 Washington en novembre 2020). Mise en place de modules de pr\u00e9paration aux candidatures en f\u00e9vrier et suivi des \u00e9l\u00e8ves (construction des dossiers et r\u00e9daction des lettres de motivation en anglais). <strong>2 \u00e9l\u00e8ves ont \u00e9t\u00e9 pr\u00e9-s\u00e9lectionn\u00e9s en 1<sup class=\"typo_exposants\">re<\/sup> et une \u00e9l\u00e8ve a \u00e9t\u00e9 s\u00e9lectionn\u00e9e.<\/strong><\/li>\n<li><strong>Concours de traduction de la Commission Europ\u00e9enne octobre 2019.<\/strong> Aya EZZ REGAL a re\u00e7u la <strong>Mention Sp\u00e9ciale du jury<\/strong><\/li>\n<li><strong>Concours de traduction de la Commission Europ\u00e9enne octobre 2020.<\/strong><strong><\/strong><\/li>\n<\/ul>\n<p>&nbsp;<\/p>\n<\/div>\n<\/div>\n<p>[\/et_pb_text][\/et_pb_column][\/et_pb_row][et_pb_row _builder_version=\u00a0\u00bb4.25.2&Prime; _module_preset=\u00a0\u00bbdefault\u00a0\u00bb global_colors_info=\u00a0\u00bb{}\u00a0\u00bb][et_pb_column type=\u00a0\u00bb4_4&Prime; _builder_version=\u00a0\u00bb4.25.2&Prime; _module_preset=\u00a0\u00bbdefault\u00a0\u00bb global_colors_info=\u00a0\u00bb{}\u00a0\u00bb][\/et_pb_column][\/et_pb_row][\/et_pb_section]<\/p>\n","protected":false},"excerpt":{"rendered":"<p>2024 &#8211; 2025 &nbsp; 2022 &#8211; 2023 &nbsp; 2021 &#8211; 2022 ETWINNING \u00c9cole Etwinning Correspondance avec la Turquie 2017-18 Unidos contre les clich\u00e9s Journ\u00e9e de l\u2019Europe 2018 Journ\u00e9e de l\u2019Europe 2019 Journ\u00e9e franco allemande, le 22 janvier 2020 Correspondance avec la Turquie RECOMPENSES ET PRIX Label Ecole Etwinning \u00ab\u00a0Jeunes ambassadeurs aux Etats Unis\u00a0\u00bb (2 semaines [&hellip;]<\/p>\n","protected":false},"author":2,"featured_media":0,"parent":0,"menu_order":0,"comment_status":"closed","ping_status":"closed","template":"","meta":{"_et_pb_use_builder":"on","_et_pb_old_content":"","_et_gb_content_width":"","footnotes":""},"class_list":["post-1534","page","type-page","status-publish","hentry"],"_links":{"self":[{"href":"https:\/\/www.lyceehenaff.fr\/index.php\/wp-json\/wp\/v2\/pages\/1534","targetHints":{"allow":["GET"]}}],"collection":[{"href":"https:\/\/www.lyceehenaff.fr\/index.php\/wp-json\/wp\/v2\/pages"}],"about":[{"href":"https:\/\/www.lyceehenaff.fr\/index.php\/wp-json\/wp\/v2\/types\/page"}],"author":[{"embeddable":true,"href":"https:\/\/www.lyceehenaff.fr\/index.php\/wp-json\/wp\/v2\/users\/2"}],"replies":[{"embeddable":true,"href":"https:\/\/www.lyceehenaff.fr\/index.php\/wp-json\/wp\/v2\/comments?post=1534"}],"version-history":[{"count":8,"href":"https:\/\/www.lyceehenaff.fr\/index.php\/wp-json\/wp\/v2\/pages\/1534\/revisions"}],"predecessor-version":[{"id":1815,"href":"https:\/\/www.lyceehenaff.fr\/index.php\/wp-json\/wp\/v2\/pages\/1534\/revisions\/1815"}],"wp:attachment":[{"href":"https:\/\/www.lyceehenaff.fr\/index.php\/wp-json\/wp\/v2\/media?parent=1534"}],"curies":[{"name":"wp","href":"https:\/\/api.w.org\/{rel}","templated":true}]}}