{"id":1545,"date":"2024-07-04T15:37:38","date_gmt":"2024-07-04T13:37:38","guid":{"rendered":"https:\/\/www.lyceehenaff.fr\/?page_id=1545"},"modified":"2024-07-04T15:39:30","modified_gmt":"2024-07-04T13:39:30","slug":"mobilite-internationale-au-lycee","status":"publish","type":"page","link":"https:\/\/www.lyceehenaff.fr\/index.php\/mobilite-internationale-au-lycee\/","title":{"rendered":"Mobilit\u00e9 internationale au lyc\u00e9e"},"content":{"rendered":"\n[et_pb_section fb_built=\u00a0\u00bb1&Prime; _builder_version=\u00a0\u00bb4.23.1&Prime; _module_preset=\u00a0\u00bbdefault\u00a0\u00bb global_colors_info=\u00a0\u00bb{}\u00a0\u00bb][et_pb_row _builder_version=\u00a0\u00bb4.23.1&Prime; _module_preset=\u00a0\u00bbdefault\u00a0\u00bb global_colors_info=\u00a0\u00bb{}\u00a0\u00bb][et_pb_column type=\u00a0\u00bb4_4&Prime; _builder_version=\u00a0\u00bb4.23.1&Prime; _module_preset=\u00a0\u00bbdefault\u00a0\u00bb global_colors_info=\u00a0\u00bb{}\u00a0\u00bb][et_pb_heading title=\u00a0\u00bbMobilit\u00e9 internationale au lyc\u00e9e\u00a0\u00bb _builder_version=\u00a0\u00bb4.25.2&Prime; _module_preset=\u00a0\u00bbdefault\u00a0\u00bb global_colors_info=\u00a0\u00bb{}\u00a0\u00bb][\/et_pb_heading][\/et_pb_column][\/et_pb_row][et_pb_row _builder_version=\u00a0\u00bb4.23.1&Prime; _module_preset=\u00a0\u00bbdefault\u00a0\u00bb global_colors_info=\u00a0\u00bb{}\u00a0\u00bb][et_pb_column type=\u00a0\u00bb4_4&Prime; _builder_version=\u00a0\u00bb4.23.1&Prime; _module_preset=\u00a0\u00bbdefault\u00a0\u00bb global_colors_info=\u00a0\u00bb{}\u00a0\u00bb][et_pb_text _builder_version=\u00a0\u00bb4.25.2&Prime; _module_preset=\u00a0\u00bbdefault\u00a0\u00bb hover_enabled=\u00a0\u00bb0&Prime; global_colors_info=\u00a0\u00bb{}\u00a0\u00bb sticky_enabled=\u00a0\u00bb0&Prime;]<div class=\"main\">\n<div class=\"crayon article-texte-687 texte surlignable clearfix\">\n<ul class=\"spip\">\n<li><strong>Accueil des \u00e9l\u00e8ves \u00e9trangers.<\/strong><\/li>\n<\/ul>\n<p>2019. <strong>Une \u00e9l\u00e8ve de Turquie <\/strong> re\u00e7ue dans l\u2019\u00e9tablissement en f\u00e9vrier dans le cadre du partenariat avec le lyc\u00e9e Turc, projet M<sup class=\"typo_exposants\">me<\/sup>\u00a0Enjalbert\u00a0: interview des 1C en anglais<\/p>\n<p>2017. <strong>El\u00e8ves du lyc\u00e9e espagnol IES Sa Serra (Ibiza, Espagne)<\/strong><\/p>\n<p><strong><\/strong><\/p>\n<ul class=\"spip\">\n<li><strong>Accueil des professeurs \u00e9trangers dans le cadre de s\u00e9jours professionnels.<\/strong><\/li>\n<\/ul>\n<p>Mariana Tur Torres, professeure de fran\u00e7ais \u00e0 l\u2019IES Sa Serra (Ibiza, Espagne), 30\/09\/2017 &#8211; 13\/10\/2017<\/p>\n<p>&nbsp;<\/p>\n<ul class=\"spip\">\n<li><strong>Des intervenants \u00e9trangers.<\/strong><\/li>\n<\/ul>\n<p><strong>Andreas Becker<\/strong>, \u00e9crivain d\u2019origine allemande, dans le cadre de la Journ\u00e9e de l\u2019Europe en 2019. 09\/05\/2019<\/p>\n<p><strong>Miguel Torija<\/strong>, \u00e9crivain espagnol, atelier d\u2019\u00e9criture cr\u00e9ative avec une classe de 2de par visioconf\u00e9rence sur le Twinspace.<\/p>\n<p><strong>Mario Quintinilla<\/strong>, v\u00e9t\u00e9rinaire et chef hondurien, pr\u00e9sentation de son pays et d\u00e9bat dans la classe de 1\u00e8reS2, 13\/09\/2018.<br class=\"autobr\" \/><strong><br class=\"autobr\" \/>Cristina Caram\u00f3n<\/strong>, neurolinguiste mexicaine, professeure de l\u2019UNAM.\u00a0Pr\u00e9sentation de la m\u00e9thode des nouvelles variables d\u2019apprentissages- NVA aux \u00e9l\u00e8ves et aux enseignants.<\/p>\n<p><strong>Laure Glemain<\/strong> de<a href=\"https:\/\/chulixim.wordpress.com\/\"> l\u2019Association Ch\u2019ul Ixim, Ma\u00efs Sacr\u00e9<\/a> , pr\u00e9sentation de l\u2019association Ch\u2019ul Iixm et de son travail au Chiapas. 31\/01\/ 2017<\/p>\n<dl class=\"spip_document_2720 spip_documents spip_documents_center\">\n<dt><\/dt>\n<\/dl>\n<p><strong>Ricardo Torres<\/strong>, musicien uruguayen. Concert et conf\u00e9rence sur la musique et la dictature en Uruguay, avec les TleS, 20\/03\/2017<\/p>\n<dl class=\"spip_document_2724 spip_documents spip_documents_center\">\n<dt><\/dt>\n<\/dl>\n<ul class=\"spip\">\n<li><strong>Partenariats<\/strong><\/li>\n<\/ul>\n<p>Signature du <strong>partenariat \u00ab\u00a0sisterhood\u00a0\u00bb<\/strong> avec ce lyc\u00e9e turc en septembre 2019<\/p>\n<p>&nbsp;<\/p>\n<ul class=\"spip\">\n<li><strong>Les voyages<\/strong><\/li>\n<\/ul>\n<p>\u00b7 Voyage \u00e0 Cologne 2019<\/p>\n<p>\u00b7 Voyage en Allemagne &#8211; 2018<\/p>\n<p>\u00b7 Voyage en Angleterre<\/p>\n<p>\u00b7 Voyage en Belgique Mars 2018\u00a0: souvenirs<\/p>\n<p>\u00b7 Voyage \u00e0 Ibiza (Espagne)\u00a0: 9-13 avril 2018<\/p>\n<p>\u00b7 Voyages en Italie dans le cadre des cord\u00e9es de la r\u00e9ussite avec l\u2019universit\u00e9 Paris 13 en avril 2018 et octobre 2019<\/p>\n<p>\u00b7 Voyage \u00e0 Rome 2018<\/p>\n<p>\u00b7 Voyage \u00e0 Milan<\/p>\n<p>\u00b7 Rana, Rim et Yara partagent leur s\u00e9jour \u00e0 Florence<\/p>\n<p>\u00b7 La Shoah et les g\u00e9nocides, voyage en Pologne (Cracovie- Auschwitz)<\/p>\n<p>\u00b7 Journal de bord &#8211; Pologne 2016<\/p>\n<p>&nbsp;<\/p>\n<ul class=\"spip\">\n<li><strong>Dispositifs de mobilit\u00e9 internationale.<\/strong><\/li>\n<\/ul>\n<p><a href=\"https:\/\/fr.scribd.com\/embeds\/359404504\/content#from_embed\">Passeport de la mobilit\u00e9 international\u00a0: guide destin\u00e9e \u00e0 tous les publics et \u00e9labor\u00e9e par IxESN pour le 30<sup class=\"typo_exposants\">e<\/sup> anniversaire du programme Erasmus.<\/a><\/p>\n<\/div>\n<\/div>[\/et_pb_text][\/et_pb_column][\/et_pb_row][\/et_pb_section]\n","protected":false},"excerpt":{"rendered":"<p>Accueil des \u00e9l\u00e8ves \u00e9trangers. 2019. Une \u00e9l\u00e8ve de Turquie re\u00e7ue dans l\u2019\u00e9tablissement en f\u00e9vrier dans le cadre du partenariat avec le lyc\u00e9e Turc, projet Mme\u00a0Enjalbert\u00a0: interview des 1C en anglais 2017. El\u00e8ves du lyc\u00e9e espagnol IES Sa Serra (Ibiza, Espagne) Accueil des professeurs \u00e9trangers dans le cadre de s\u00e9jours professionnels. Mariana Tur Torres, professeure de [&hellip;]<\/p>\n","protected":false},"author":2,"featured_media":0,"parent":0,"menu_order":0,"comment_status":"closed","ping_status":"closed","template":"","meta":{"_et_pb_use_builder":"on","_et_pb_old_content":"","_et_gb_content_width":"","footnotes":""},"class_list":["post-1545","page","type-page","status-publish","hentry"],"_links":{"self":[{"href":"https:\/\/www.lyceehenaff.fr\/index.php\/wp-json\/wp\/v2\/pages\/1545","targetHints":{"allow":["GET"]}}],"collection":[{"href":"https:\/\/www.lyceehenaff.fr\/index.php\/wp-json\/wp\/v2\/pages"}],"about":[{"href":"https:\/\/www.lyceehenaff.fr\/index.php\/wp-json\/wp\/v2\/types\/page"}],"author":[{"embeddable":true,"href":"https:\/\/www.lyceehenaff.fr\/index.php\/wp-json\/wp\/v2\/users\/2"}],"replies":[{"embeddable":true,"href":"https:\/\/www.lyceehenaff.fr\/index.php\/wp-json\/wp\/v2\/comments?post=1545"}],"version-history":[{"count":4,"href":"https:\/\/www.lyceehenaff.fr\/index.php\/wp-json\/wp\/v2\/pages\/1545\/revisions"}],"predecessor-version":[{"id":1552,"href":"https:\/\/www.lyceehenaff.fr\/index.php\/wp-json\/wp\/v2\/pages\/1545\/revisions\/1552"}],"wp:attachment":[{"href":"https:\/\/www.lyceehenaff.fr\/index.php\/wp-json\/wp\/v2\/media?parent=1545"}],"curies":[{"name":"wp","href":"https:\/\/api.w.org\/{rel}","templated":true}]}}