{"id":1980,"date":"2025-02-04T15:20:03","date_gmt":"2025-02-04T14:20:03","guid":{"rendered":"https:\/\/www.lyceehenaff.fr\/?page_id=1980"},"modified":"2025-02-04T15:20:05","modified_gmt":"2025-02-04T14:20:05","slug":"la-classe-media","status":"publish","type":"page","link":"https:\/\/www.lyceehenaff.fr\/index.php\/la-classe-media\/","title":{"rendered":"La classe M\u00e9dia"},"content":{"rendered":"\n[et_pb_section fb_built=\u00a0\u00bb1&Prime; _builder_version=\u00a0\u00bb4.23.1&Prime; _module_preset=\u00a0\u00bbdefault\u00a0\u00bb global_colors_info=\u00a0\u00bb{}\u00a0\u00bb][et_pb_row _builder_version=\u00a0\u00bb4.23.1&Prime; _module_preset=\u00a0\u00bbdefault\u00a0\u00bb global_colors_info=\u00a0\u00bb{}\u00a0\u00bb][et_pb_column type=\u00a0\u00bb4_4&Prime; _builder_version=\u00a0\u00bb4.23.1&Prime; _module_preset=\u00a0\u00bbdefault\u00a0\u00bb global_colors_info=\u00a0\u00bb{}\u00a0\u00bb][et_pb_heading title=\u00a0\u00bbLa classe M\u00e9dia\u00a0\u00bb _builder_version=\u00a0\u00bb4.27.4&Prime; _module_preset=\u00a0\u00bbdefault\u00a0\u00bb global_colors_info=\u00a0\u00bb{}\u00a0\u00bb][\/et_pb_heading][et_pb_image src=\u00a0\u00bbhttps:\/\/www.lyceehenaff.fr\/wp-content\/uploads\/2025\/02\/images.png\u00a0\u00bb title_text=\u00a0\u00bbimages\u00a0\u00bb _builder_version=\u00a0\u00bb4.27.4&Prime; _module_preset=\u00a0\u00bbdefault\u00a0\u00bb global_colors_info=\u00a0\u00bb{}\u00a0\u00bb][\/et_pb_image][et_pb_text _builder_version=\u00a0\u00bb4.27.4&Prime; _module_preset=\u00a0\u00bbdefault\u00a0\u00bb global_colors_info=\u00a0\u00bb{}\u00a0\u00bb]<p>Cette ann\u00e9e, la classe m\u00e9dia du lyc\u00e9e, c\u2019est la 2GTB !<\/p>\n<p>Les classes m\u00e9dias sont un dispositif coordonn\u00e9 par <a href=\"https:\/\/clemi.ac-creteil.fr\/\" target=\"_blank\" rel=\"noopener\">Le Cl\u00e9mi<\/a>.<\/p>\n<p>Au lyc\u00e9e H\u00e9naff, l\u2019\u00e9quipe p\u00e9dagogique de la 2GTB travaille de concert afin de faire d\u00e9couvrir aux \u00e9l\u00e8ves les enjeux li\u00e9s \u00e0 l\u2019information. La classe est amen\u00e9e \u00e0 r\u00e9fl\u00e9chir \u00e0 la mani\u00e8re dont l\u2019information est produite et \u00e0 leurs propres pratiques informationnelles.<\/p>\n<p>Depuis septembre, les \u00e9l\u00e8ves ont par exemple pu travailler sur le m\u00e9tier du journaliste au sein de sa r\u00e9daction et d\u00e9couvrir un panorama des m\u00e9dias fran\u00e7ais en SES et EMC. Ils ont \u00e9galement appris \u00e0 analyser une illustration de presse (photo ou dessin de presse) en EMC et en Anglais. En SVT, les \u00e9l\u00e8ves se sont mis dans la peau de journalistes au proc\u00e8s de Bobigny en 1972 et ont produit une chronique radio gr\u00e2ce au jeu classe investigation. Au mois de janvier, ils ont eu la chance de pouvoir se rendre au journal <a href=\"https:\/\/www.lemonde.fr\/\" target=\"_blank\" rel=\"noopener\">\u00ab Le Monde \u00bb<\/a> et de rencontrer 4 journalistes.<\/p>\n<p>Toutes ces activit\u00e9s visent \u00e0 d\u00e9velopper l\u2019esprit critique des \u00e9l\u00e8ves et faire d\u2019eux des citoyens \u00e9clair\u00e9s.<\/p>[\/et_pb_text][\/et_pb_column][\/et_pb_row][\/et_pb_section][et_pb_section fb_built=\u00a0\u00bb1&Prime; _builder_version=\u00a0\u00bb4.23.1&Prime; _module_preset=\u00a0\u00bbdefault\u00a0\u00bb global_colors_info=\u00a0\u00bb{}\u00a0\u00bb][et_pb_row _builder_version=\u00a0\u00bb4.23.1&Prime; _module_preset=\u00a0\u00bbdefault\u00a0\u00bb global_colors_info=\u00a0\u00bb{}\u00a0\u00bb][et_pb_column type=\u00a0\u00bb4_4&Prime; _builder_version=\u00a0\u00bb4.23.1&Prime; _module_preset=\u00a0\u00bbdefault\u00a0\u00bb global_colors_info=\u00a0\u00bb{}\u00a0\u00bb][et_pb_blog fullwidth=\u00a0\u00bboff\u00a0\u00bb include_categories=\u00a0\u00bb21&Prime; _builder_version=\u00a0\u00bb4.27.4&Prime; _module_preset=\u00a0\u00bbdefault\u00a0\u00bb hover_enabled=\u00a0\u00bb0&Prime; border_radii=\u00a0\u00bbon|10px|10px|10px|10px\u00a0\u00bb border_width_all=\u00a0\u00bb5px\u00a0\u00bb border_color_all=\u00a0\u00bb#bababa\u00a0\u00bb global_colors_info=\u00a0\u00bb{}\u00a0\u00bb sticky_enabled=\u00a0\u00bb0&Prime;][\/et_pb_blog][\/et_pb_column][\/et_pb_row][\/et_pb_section][et_pb_section fb_built=\u00a0\u00bb1&Prime; _builder_version=\u00a0\u00bb4.27.4&Prime; _module_preset=\u00a0\u00bbdefault\u00a0\u00bb global_colors_info=\u00a0\u00bb{}\u00a0\u00bb][et_pb_row _builder_version=\u00a0\u00bb4.27.4&Prime; _module_preset=\u00a0\u00bbdefault\u00a0\u00bb global_colors_info=\u00a0\u00bb{}\u00a0\u00bb][et_pb_column type=\u00a0\u00bb4_4&Prime; _builder_version=\u00a0\u00bb4.27.4&Prime; _module_preset=\u00a0\u00bbdefault\u00a0\u00bb global_colors_info=\u00a0\u00bb{}\u00a0\u00bb][\/et_pb_column][\/et_pb_row][\/et_pb_section]\n","protected":false},"excerpt":{"rendered":"<p>Cette ann\u00e9e, la classe m\u00e9dia du lyc\u00e9e, c\u2019est la 2GTB ! Les classes m\u00e9dias sont un dispositif coordonn\u00e9 par Le Cl\u00e9mi. Au lyc\u00e9e H\u00e9naff, l\u2019\u00e9quipe p\u00e9dagogique de la 2GTB travaille de concert afin de faire d\u00e9couvrir aux \u00e9l\u00e8ves les enjeux li\u00e9s \u00e0 l\u2019information. La classe est amen\u00e9e \u00e0 r\u00e9fl\u00e9chir \u00e0 la mani\u00e8re dont l\u2019information est [&hellip;]<\/p>\n","protected":false},"author":2,"featured_media":0,"parent":0,"menu_order":0,"comment_status":"closed","ping_status":"closed","template":"","meta":{"_et_pb_use_builder":"on","_et_pb_old_content":"","_et_gb_content_width":"","footnotes":""},"class_list":["post-1980","page","type-page","status-publish","hentry"],"_links":{"self":[{"href":"https:\/\/www.lyceehenaff.fr\/index.php\/wp-json\/wp\/v2\/pages\/1980","targetHints":{"allow":["GET"]}}],"collection":[{"href":"https:\/\/www.lyceehenaff.fr\/index.php\/wp-json\/wp\/v2\/pages"}],"about":[{"href":"https:\/\/www.lyceehenaff.fr\/index.php\/wp-json\/wp\/v2\/types\/page"}],"author":[{"embeddable":true,"href":"https:\/\/www.lyceehenaff.fr\/index.php\/wp-json\/wp\/v2\/users\/2"}],"replies":[{"embeddable":true,"href":"https:\/\/www.lyceehenaff.fr\/index.php\/wp-json\/wp\/v2\/comments?post=1980"}],"version-history":[{"count":5,"href":"https:\/\/www.lyceehenaff.fr\/index.php\/wp-json\/wp\/v2\/pages\/1980\/revisions"}],"predecessor-version":[{"id":1987,"href":"https:\/\/www.lyceehenaff.fr\/index.php\/wp-json\/wp\/v2\/pages\/1980\/revisions\/1987"}],"wp:attachment":[{"href":"https:\/\/www.lyceehenaff.fr\/index.php\/wp-json\/wp\/v2\/media?parent=1980"}],"curies":[{"name":"wp","href":"https:\/\/api.w.org\/{rel}","templated":true}]}}