{"id":313,"date":"2023-12-03T15:37:49","date_gmt":"2023-12-03T14:37:49","guid":{"rendered":"http:\/\/www.lyceehenaff.fr\/?page_id=313"},"modified":"2023-12-15T16:27:51","modified_gmt":"2023-12-15T15:27:51","slug":"voie-generale","status":"publish","type":"page","link":"https:\/\/www.lyceehenaff.fr\/index.php\/voie-generale\/","title":{"rendered":"Voie g\u00e9n\u00e9rale"},"content":{"rendered":"<p>[et_pb_section fb_built=\u00a0\u00bb1&Prime; _builder_version=\u00a0\u00bb4.23.1&Prime; _module_preset=\u00a0\u00bbdefault\u00a0\u00bb global_colors_info=\u00a0\u00bb{}\u00a0\u00bb][et_pb_row _builder_version=\u00a0\u00bb4.23.1&Prime; _module_preset=\u00a0\u00bbdefault\u00a0\u00bb module_alignment=\u00a0\u00bbcenter\u00a0\u00bb global_colors_info=\u00a0\u00bb{}\u00a0\u00bb][et_pb_column type=\u00a0\u00bb4_4&Prime; _builder_version=\u00a0\u00bb4.23.1&Prime; _module_preset=\u00a0\u00bbdefault\u00a0\u00bb global_colors_info=\u00a0\u00bb{}\u00a0\u00bb][et_pb_heading title=\u00a0\u00bbVoie g\u00e9n\u00e9rale\u00a0\u00bb _builder_version=\u00a0\u00bb4.23.1&Prime; _module_preset=\u00a0\u00bbdefault\u00a0\u00bb custom_padding=\u00a0\u00bb3px|||||\u00a0\u00bb global_colors_info=\u00a0\u00bb{}\u00a0\u00bb][\/et_pb_heading][\/et_pb_column][\/et_pb_row][et_pb_row _builder_version=\u00a0\u00bb4.23.1&Prime; _module_preset=\u00a0\u00bbdefault\u00a0\u00bb global_colors_info=\u00a0\u00bb{}\u00a0\u00bb custom_padding=\u00a0\u00bb0px|||||\u00a0\u00bb custom_margin=\u00a0\u00bb|auto|-66px|auto||\u00a0\u00bb][et_pb_column type=\u00a0\u00bb4_4&Prime; _builder_version=\u00a0\u00bb4.23.1&Prime; _module_preset=\u00a0\u00bbdefault\u00a0\u00bb global_colors_info=\u00a0\u00bb{}\u00a0\u00bb][et_pb_text _builder_version=\u00a0\u00bb4.23.1&Prime; _module_preset=\u00a0\u00bbdefault\u00a0\u00bb global_colors_info=\u00a0\u00bb{}\u00a0\u00bb min_height=\u00a0\u00bb737.8px\u00a0\u00bb custom_margin=\u00a0\u00bb||-73px|||\u00a0\u00bb]<\/p>\n<p><strong>Une nouvelle formule du bac a \u00e9t\u00e9 mise en place\u00a0:<\/strong><\/p>\n<p>Les fili\u00e8res S, ES et L disparaissent au profit d\u2019une voie g\u00e9n\u00e9rale avec un choix de sp\u00e9cialit\u00e9s.<\/p>\n<p><strong>En seconde\u00a0:<\/strong><\/p>\n<ul class=\"spip\">\n<li>Seconde g\u00e9n\u00e9rale et technologique\u00a0: il n\u2019y a plus d\u2019enseignement d\u2019exploration mais l\u2019\u00e9l\u00e8ve peut suivre des enseignements facultatifs\u00a0:<br class=\"autobr\" \/>&#8211; cr\u00e9ation innovation technologique<br class=\"autobr\" \/>&#8211; latin \/ grec si suffisamment d\u2019inscrits<\/li>\n<\/ul>\n<p><strong>En premi\u00e8re\u00a0:<\/strong><\/p>\n<ul class=\"spip\">\n<li>Premi\u00e8re g\u00e9n\u00e9rale\u00a0: l\u2019\u00e9l\u00e8ve choisit trois sp\u00e9cialit\u00e9s parmi les sp\u00e9cialit\u00e9s suivantes\u00a0:<br class=\"autobr\" \/>&#8211; Histoire G\u00e9ographie , g\u00e9opolitique , Sciences politiques<br class=\"autobr\" \/>&#8211; SES<br class=\"autobr\" \/>&#8211; Langues et litt\u00e9rature culture \u00e9trang\u00e8re Anglais<br class=\"autobr\" \/>&#8211; Math\u00e9matiques<br class=\"autobr\" \/>&#8211; Sciences Physiques<br class=\"autobr\" \/>&#8211; Sciences et vie de la terre<br class=\"autobr\" \/>&#8211; Humanit\u00e9s Litt\u00e9rature Philosophie<\/li>\n<\/ul>\n<ul class=\"spip\">\n<li>Premi\u00e8re technologique STIDD\u00a0: Ing\u00e9nierie et D\u00e9veloppement Durable<\/li>\n<\/ul>\n<p><strong>En terminale\u00a0:<\/strong><\/p>\n<ul class=\"spip\">\n<li>Terminale g\u00e9n\u00e9rale\u00a0: l\u2019\u00e9l\u00e8ve garde deux sp\u00e9cialit\u00e9s parmi les trois qu\u2019il avait suivies en 1<sup class=\"typo_exposants\">re<\/sup>.<\/li>\n<\/ul>\n<ul class=\"spip\">\n<li>Terminale technologique STIDD\u00a0: deux sp\u00e9cialit\u00e9s au choix\u00a0:<br class=\"autobr\" \/>&#8211; Energie et Environnement<br class=\"autobr\" \/>&#8211; Architecture et Construction<\/li>\n<\/ul>\n<p>&nbsp;<\/p>\n<p>[\/et_pb_text][\/et_pb_column][\/et_pb_row][et_pb_row _builder_version=\u00a0\u00bb4.23.1&Prime; _module_preset=\u00a0\u00bbdefault\u00a0\u00bb global_colors_info=\u00a0\u00bb{}\u00a0\u00bb][et_pb_column type=\u00a0\u00bb4_4&Prime; _builder_version=\u00a0\u00bb4.23.1&Prime; _module_preset=\u00a0\u00bbdefault\u00a0\u00bb global_colors_info=\u00a0\u00bb{}\u00a0\u00bb][et_pb_button button_url=\u00a0\u00bbhttps:\/\/www.lyceehenaff.fr\/wp-content\/uploads\/2023\/12\/plaquette_Lycee_general.pdf\u00a0\u00bb url_new_window=\u00a0\u00bbon\u00a0\u00bb button_text=\u00a0\u00bbPlaquette voie g\u00e9n\u00e9rale\u00a0\u00bb button_alignment=\u00a0\u00bbcenter\u00a0\u00bb _builder_version=\u00a0\u00bb4.23.1&Prime; _module_preset=\u00a0\u00bbdefault\u00a0\u00bb custom_button=\u00a0\u00bbon\u00a0\u00bb button_text_color=\u00a0\u00bb#000000&Prime; global_colors_info=\u00a0\u00bb{}\u00a0\u00bb min_height=\u00a0\u00bb85px\u00a0\u00bb][\/et_pb_button][\/et_pb_column][\/et_pb_row][\/et_pb_section]<\/p>\n","protected":false},"excerpt":{"rendered":"<p>Une nouvelle formule du bac a \u00e9t\u00e9 mise en place\u00a0: Les fili\u00e8res S, ES et L disparaissent au profit d\u2019une voie g\u00e9n\u00e9rale avec un choix de sp\u00e9cialit\u00e9s. En seconde\u00a0: Seconde g\u00e9n\u00e9rale et technologique\u00a0: il n\u2019y a plus d\u2019enseignement d\u2019exploration mais l\u2019\u00e9l\u00e8ve peut suivre des enseignements facultatifs\u00a0:- cr\u00e9ation innovation technologique- latin \/ grec si suffisamment d\u2019inscrits [&hellip;]<\/p>\n","protected":false},"author":2,"featured_media":0,"parent":0,"menu_order":0,"comment_status":"closed","ping_status":"closed","template":"","meta":{"_et_pb_use_builder":"on","_et_pb_old_content":"","_et_gb_content_width":"","footnotes":""},"class_list":["post-313","page","type-page","status-publish","hentry"],"_links":{"self":[{"href":"https:\/\/www.lyceehenaff.fr\/index.php\/wp-json\/wp\/v2\/pages\/313","targetHints":{"allow":["GET"]}}],"collection":[{"href":"https:\/\/www.lyceehenaff.fr\/index.php\/wp-json\/wp\/v2\/pages"}],"about":[{"href":"https:\/\/www.lyceehenaff.fr\/index.php\/wp-json\/wp\/v2\/types\/page"}],"author":[{"embeddable":true,"href":"https:\/\/www.lyceehenaff.fr\/index.php\/wp-json\/wp\/v2\/users\/2"}],"replies":[{"embeddable":true,"href":"https:\/\/www.lyceehenaff.fr\/index.php\/wp-json\/wp\/v2\/comments?post=313"}],"version-history":[{"count":15,"href":"https:\/\/www.lyceehenaff.fr\/index.php\/wp-json\/wp\/v2\/pages\/313\/revisions"}],"predecessor-version":[{"id":956,"href":"https:\/\/www.lyceehenaff.fr\/index.php\/wp-json\/wp\/v2\/pages\/313\/revisions\/956"}],"wp:attachment":[{"href":"https:\/\/www.lyceehenaff.fr\/index.php\/wp-json\/wp\/v2\/media?parent=313"}],"curies":[{"name":"wp","href":"https:\/\/api.w.org\/{rel}","templated":true}]}}