{"id":414,"date":"2023-12-06T18:03:42","date_gmt":"2023-12-06T17:03:42","guid":{"rendered":"http:\/\/www.lyceehenaff.fr\/?page_id=414"},"modified":"2023-12-13T10:44:01","modified_gmt":"2023-12-13T09:44:01","slug":"voie-professionnelle","status":"publish","type":"page","link":"https:\/\/www.lyceehenaff.fr\/index.php\/voie-professionnelle\/","title":{"rendered":"Voie professionnelle"},"content":{"rendered":"<p>[et_pb_section fb_built=\u00a0\u00bb1&Prime; _builder_version=\u00a0\u00bb4.23.1&Prime; _module_preset=\u00a0\u00bbdefault\u00a0\u00bb global_colors_info=\u00a0\u00bb{}\u00a0\u00bb][et_pb_row _builder_version=\u00a0\u00bb4.23.1&Prime; _module_preset=\u00a0\u00bbdefault\u00a0\u00bb module_alignment=\u00a0\u00bbcenter\u00a0\u00bb global_colors_info=\u00a0\u00bb{}\u00a0\u00bb][et_pb_column type=\u00a0\u00bb4_4&Prime; _builder_version=\u00a0\u00bb4.23.1&Prime; _module_preset=\u00a0\u00bbdefault\u00a0\u00bb global_colors_info=\u00a0\u00bb{}\u00a0\u00bb][et_pb_heading title=\u00a0\u00bbLes diff\u00e9rentes fili\u00e8res professionnelles au lyc\u00e9e H\u00e9naff\u00a0\u00bb _builder_version=\u00a0\u00bb4.23.1&Prime; _module_preset=\u00a0\u00bbdefault\u00a0\u00bb custom_padding=\u00a0\u00bb0px|||||\u00a0\u00bb global_colors_info=\u00a0\u00bb{}\u00a0\u00bb][\/et_pb_heading][\/et_pb_column][\/et_pb_row][et_pb_row _builder_version=\u00a0\u00bb4.23.1&Prime; _module_preset=\u00a0\u00bbdefault\u00a0\u00bb global_colors_info=\u00a0\u00bb{}\u00a0\u00bb][et_pb_column type=\u00a0\u00bb4_4&Prime; _builder_version=\u00a0\u00bb4.23.1&Prime; _module_preset=\u00a0\u00bbdefault\u00a0\u00bb global_colors_info=\u00a0\u00bb{}\u00a0\u00bb][et_pb_button button_url=\u00a0\u00bbhttps:\/\/padlet.com\/lyceehenaff\/nos-fili-res-professionnelles-21zlt8jq7evnritu\u00a0\u00bb url_new_window=\u00a0\u00bbon\u00a0\u00bb button_text=\u00a0\u00bbExplorez nos formations sur le Padlet\u00a0\u00bb button_alignment=\u00a0\u00bbcenter\u00a0\u00bb _builder_version=\u00a0\u00bb4.23.1&Prime; _module_preset=\u00a0\u00bbdefault\u00a0\u00bb custom_button=\u00a0\u00bbon\u00a0\u00bb button_text_color=\u00a0\u00bb#000000&Prime; global_colors_info=\u00a0\u00bb{}\u00a0\u00bb][\/et_pb_button][\/et_pb_column][\/et_pb_row][et_pb_row column_structure=\u00a0\u00bb1_4,1_4,1_4,1_4&Prime; _builder_version=\u00a0\u00bb4.23.1&Prime; _module_preset=\u00a0\u00bbdefault\u00a0\u00bb global_colors_info=\u00a0\u00bb{}\u00a0\u00bb][et_pb_column type=\u00a0\u00bb1_4&Prime; _builder_version=\u00a0\u00bb4.23.1&Prime; _module_preset=\u00a0\u00bbdefault\u00a0\u00bb global_colors_info=\u00a0\u00bb{}\u00a0\u00bb][et_pb_blurb title=\u00a0\u00bbM\u00e9tiers des Etudes de la Mod\u00e9lisation Num\u00e9rique du B\u00e2timent\u00a0\u00bb image=\u00a0\u00bbhttps:\/\/www.lyceehenaff.fr\/wp-content\/uploads\/2023\/12\/IMG_20161201_105804.webp\u00a0\u00bb _builder_version=\u00a0\u00bb4.23.1&Prime; _module_preset=\u00a0\u00bbdefault\u00a0\u00bb hover_enabled=\u00a0\u00bb0&Prime; border_radii=\u00a0\u00bbon|10px|10px|10px|10px\u00a0\u00bb border_radii_image=\u00a0\u00bbon|10px|10px|10px|10px\u00a0\u00bb global_colors_info=\u00a0\u00bb{}\u00a0\u00bb title_text=\u00a0\u00bbIMG_20161201_105804&Prime; sticky_enabled=\u00a0\u00bb0&Prime;]<\/p>\n<ul>\n<li><a href=\"https:\/\/www.lyceehenaff.fr\/index.php\/bac-professionnel-etudes-et-economie-du-batiment\/\">Bac Professionnel Etudes et Economie du B\u00e2timent<\/a><\/li>\n<li><a href=\"https:\/\/www.lyceehenaff.fr\/index.php\/bac-professionnel-technicien-geometre-topographe\/\">Bac Professionnel Technicien G\u00e9om\u00e8tre Topographe<\/a><\/li>\n<li><a href=\"https:\/\/www.lyceehenaff.fr\/index.php\/bts-metiers-du-geometre-topographe-et-de-la-modelisation-numerique\/\">BTS M\u00e9tiers du G\u00e9om\u00e8tre Topographe et de la Mod\u00e9lisation Num\u00e9rique<\/a><\/li>\n<\/ul>\n<p>[\/et_pb_blurb][\/et_pb_column][et_pb_column type=\u00a0\u00bb1_4&Prime; _builder_version=\u00a0\u00bb4.23.1&Prime; _module_preset=\u00a0\u00bbdefault\u00a0\u00bb global_colors_info=\u00a0\u00bb{}\u00a0\u00bb][et_pb_blurb title=\u00a0\u00bbM\u00e9tiers de l&rsquo;Energie\u00a0\u00bb image=\u00a0\u00bbhttps:\/\/www.lyceehenaff.fr\/wp-content\/uploads\/2023\/12\/IMGP0176-2.webp\u00a0\u00bb _builder_version=\u00a0\u00bb4.23.1&Prime; _module_preset=\u00a0\u00bbdefault\u00a0\u00bb border_radii=\u00a0\u00bbon|10px|10px|10px|10px\u00a0\u00bb border_radii_image=\u00a0\u00bbon|10px|10px|10px|10px\u00a0\u00bb locked=\u00a0\u00bboff\u00a0\u00bb global_colors_info=\u00a0\u00bb{}\u00a0\u00bb]<\/p>\n<ul>\n<li><a href=\"https:\/\/www.lyceehenaff.fr\/index.php\/bac-professionnel-installateur-en-chauffage-climatisation-et-energies-renouvelables-iccer\/\">Bac Professionnel <span>Installateur en Chauffage, Climatisation et Energies Renouvelables (ICCER)<\/span><\/a><\/li>\n<li><a href=\"https:\/\/www.lyceehenaff.fr\/index.php\/bac-professionnel-maintenance-et-efficacite-energetique-mee\/\">Bac Professionnel <span>Maintenance et Efficacit\u00e9 Energ\u00e9tique (MEE)<\/span><\/a><\/li>\n<li><a href=\"https:\/\/www.lyceehenaff.fr\/index.php\/cap-monteur-en-installations-thermiques-mit\/\"><span>CAP Monteur en installations thermiques (MIT)<\/span><\/a><\/li>\n<\/ul>\n<p>[\/et_pb_blurb][\/et_pb_column][et_pb_column type=\u00a0\u00bb1_4&Prime; _builder_version=\u00a0\u00bb4.23.1&Prime; _module_preset=\u00a0\u00bbdefault\u00a0\u00bb global_colors_info=\u00a0\u00bb{}\u00a0\u00bb][et_pb_blurb title=\u00a0\u00bbM\u00e9tiers des Arts Graphiques\u00a0\u00bb image=\u00a0\u00bbhttps:\/\/www.lyceehenaff.fr\/wp-content\/uploads\/2023\/12\/IMGP4669.webp\u00a0\u00bb _builder_version=\u00a0\u00bb4.23.1&Prime; _module_preset=\u00a0\u00bbdefault\u00a0\u00bb border_radii=\u00a0\u00bbon|10px|10px|10px|10px\u00a0\u00bb border_radii_image=\u00a0\u00bbon|10px|10px|10px|10px\u00a0\u00bb locked=\u00a0\u00bboff\u00a0\u00bb global_colors_info=\u00a0\u00bb{}\u00a0\u00bb]<\/p>\n<ul>\n<li><a href=\"https:\/\/www.lyceehenaff.fr\/index.php\/cap-signaletique-et-decors-graphiques\/\">CAP Signal\u00e9tique et D\u00e9cors Graphiques<\/a><\/li>\n<li><a href=\"https:\/\/www.lyceehenaff.fr\/index.php\/bma-graphisme-et-decor-option-graphiste-en-lettres-et-decors\/\">BMA Graphisme et D\u00e9cors, option graphite en lettres et d\u00e9cors.<\/a><\/li>\n<\/ul>\n<p>[\/et_pb_blurb][\/et_pb_column][et_pb_column type=\u00a0\u00bb1_4&Prime; _builder_version=\u00a0\u00bb4.23.1&Prime; _module_preset=\u00a0\u00bbdefault\u00a0\u00bb global_colors_info=\u00a0\u00bb{}\u00a0\u00bb][et_pb_blurb title=\u00a0\u00bbM\u00e9tiers du Bois\u00a0\u00bb image=\u00a0\u00bbhttps:\/\/www.lyceehenaff.fr\/wp-content\/uploads\/2023\/12\/IMGP2118-3.webp\u00a0\u00bb _builder_version=\u00a0\u00bb4.23.1&Prime; _module_preset=\u00a0\u00bbdefault\u00a0\u00bb border_radii=\u00a0\u00bbon|10px|10px|10px|10px\u00a0\u00bb border_radii_image=\u00a0\u00bbon|10px|10px|10px|10px\u00a0\u00bb locked=\u00a0\u00bboff\u00a0\u00bb global_colors_info=\u00a0\u00bb{}\u00a0\u00bb]<\/p>\n<ul>\n<li><a href=\"https:\/\/www.lyceehenaff.fr\/index.php\/bac-professionnel-technicien-menuisier-agenceur\">Bac Professionnel <span>Technicien Menuisier Agenceur<\/span><\/a><\/li>\n<li><a href=\"https:\/\/www.lyceehenaff.fr\/index.php\/bac-professionnel-etudes-et-realisation-dagencement\/\">Bac Professionnel <span>Etudes et R\u00e9alisation d&rsquo;Agencement<\/span><\/a><\/li>\n<li><a href=\"https:\/\/www.lyceehenaff.fr\/index.php\/cap-ebeniste\/\"><span>CAP Eb\u00e9niste<\/span><\/a><\/li>\n<li><a href=\"https:\/\/www.lyceehenaff.fr\/index.php\/bma-ebeniste\/\">BMA Eb\u00e9niste<\/a><span><\/span><\/li>\n<\/ul>\n<p>[\/et_pb_blurb][\/et_pb_column][\/et_pb_row][\/et_pb_section]<\/p>\n","protected":false},"excerpt":{"rendered":"<p>Bac Professionnel Etudes et Economie du B\u00e2timent Bac Professionnel Technicien G\u00e9om\u00e8tre Topographe BTS M\u00e9tiers du G\u00e9om\u00e8tre Topographe et de la Mod\u00e9lisation Num\u00e9rique Bac Professionnel Installateur en Chauffage, Climatisation et Energies Renouvelables (ICCER) Bac Professionnel Maintenance et Efficacit\u00e9 Energ\u00e9tique (MEE) CAP Monteur en installations thermiques (MIT) CAP Signal\u00e9tique et D\u00e9cors Graphiques BMA Graphisme et D\u00e9cors, option [&hellip;]<\/p>\n","protected":false},"author":2,"featured_media":0,"parent":0,"menu_order":0,"comment_status":"closed","ping_status":"closed","template":"","meta":{"_et_pb_use_builder":"on","_et_pb_old_content":"","_et_gb_content_width":"","footnotes":""},"class_list":["post-414","page","type-page","status-publish","hentry"],"_links":{"self":[{"href":"https:\/\/www.lyceehenaff.fr\/index.php\/wp-json\/wp\/v2\/pages\/414","targetHints":{"allow":["GET"]}}],"collection":[{"href":"https:\/\/www.lyceehenaff.fr\/index.php\/wp-json\/wp\/v2\/pages"}],"about":[{"href":"https:\/\/www.lyceehenaff.fr\/index.php\/wp-json\/wp\/v2\/types\/page"}],"author":[{"embeddable":true,"href":"https:\/\/www.lyceehenaff.fr\/index.php\/wp-json\/wp\/v2\/users\/2"}],"replies":[{"embeddable":true,"href":"https:\/\/www.lyceehenaff.fr\/index.php\/wp-json\/wp\/v2\/comments?post=414"}],"version-history":[{"count":25,"href":"https:\/\/www.lyceehenaff.fr\/index.php\/wp-json\/wp\/v2\/pages\/414\/revisions"}],"predecessor-version":[{"id":809,"href":"https:\/\/www.lyceehenaff.fr\/index.php\/wp-json\/wp\/v2\/pages\/414\/revisions\/809"}],"wp:attachment":[{"href":"https:\/\/www.lyceehenaff.fr\/index.php\/wp-json\/wp\/v2\/media?parent=414"}],"curies":[{"name":"wp","href":"https:\/\/api.w.org\/{rel}","templated":true}]}}