{"id":476,"date":"2023-12-08T16:40:44","date_gmt":"2023-12-08T15:40:44","guid":{"rendered":"https:\/\/www.lyceehenaff.fr\/?page_id=476"},"modified":"2023-12-08T17:08:23","modified_gmt":"2023-12-08T16:08:23","slug":"mentions-legales","status":"publish","type":"page","link":"https:\/\/www.lyceehenaff.fr\/index.php\/mentions-legales\/","title":{"rendered":"Mentions l\u00e9gales"},"content":{"rendered":"[et_pb_section fb_built=\u00a0\u00bb1&Prime; admin_label=\u00a0\u00bbsection\u00a0\u00bb _builder_version=\u00a0\u00bb4.16&Prime; global_colors_info=\u00a0\u00bb{}\u00a0\u00bb][et_pb_row _builder_version=\u00a0\u00bb4.23.1&Prime; _module_preset=\u00a0\u00bbdefault\u00a0\u00bb global_colors_info=\u00a0\u00bb{}\u00a0\u00bb][et_pb_column type=\u00a0\u00bb4_4&Prime; _builder_version=\u00a0\u00bb4.23.1&Prime; _module_preset=\u00a0\u00bbdefault\u00a0\u00bb global_colors_info=\u00a0\u00bb{}\u00a0\u00bb][et_pb_heading title=\u00a0\u00bbMentions l\u00e9gales\u00a0\u00bb _builder_version=\u00a0\u00bb4.23.1&Prime; _module_preset=\u00a0\u00bbdefault\u00a0\u00bb custom_padding=\u00a0\u00bb0px|||||\u00a0\u00bb global_colors_info=\u00a0\u00bb{}\u00a0\u00bb][\/et_pb_heading][\/et_pb_column][\/et_pb_row][et_pb_row admin_label=\u00a0\u00bbrow\u00a0\u00bb _builder_version=\u00a0\u00bb4.16&Prime; background_size=\u00a0\u00bbinitial\u00a0\u00bb background_position=\u00a0\u00bbtop_left\u00a0\u00bb background_repeat=\u00a0\u00bbrepeat\u00a0\u00bb global_colors_info=\u00a0\u00bb{}\u00a0\u00bb][et_pb_column type=\u00a0\u00bb4_4&Prime; _builder_version=\u00a0\u00bb4.16&Prime; custom_padding=\u00a0\u00bb|||\u00a0\u00bb global_colors_info=\u00a0\u00bb{}\u00a0\u00bb custom_padding__hover=\u00a0\u00bb|||\u00a0\u00bb][et_pb_text admin_label=\u00a0\u00bbText\u00a0\u00bb _builder_version=\u00a0\u00bb4.23.1&Prime; background_size=\u00a0\u00bbinitial\u00a0\u00bb background_position=\u00a0\u00bbtop_left\u00a0\u00bb background_repeat=\u00a0\u00bbrepeat\u00a0\u00bb hover_enabled=\u00a0\u00bb0&Prime; global_colors_info=\u00a0\u00bb{}\u00a0\u00bb sticky_enabled=\u00a0\u00bb0&Prime;]<p><span style=\"font-size: 14px;\">En vertu de la loi pour la confiance dans l&rsquo;\u00e9conomie num\u00e9rique (LCEN) du 21 juin 2004, voici les coordonn\u00e9es de l&rsquo;\u00e9diteur et du prestataire qui accueille le site : http:\/\/lyceehenaff.fr<\/span><\/p>\n<p><strong>Site Internet<\/strong><span>\u00a0<\/span>: Lyc\u00e9e E. H\u00e9naff &#8211; Bagnolet<\/p>\n<p><strong>Directeur de la publication<\/strong><span>\u00a0<\/span>: Mme <span>P\u00e9rier-Schiano<\/span><\/p>\n<p><strong>Responsable d&rsquo;\u00e9dition<\/strong><span>\u00a0<\/span>: M. Lef\u00e8vre<\/p>\n<p><strong>H\u00e9bergeur assurant le stockage direct et permanent<\/strong><span>\u00a0<\/span>: OVH<\/p>\n<p><strong>Webmestre<\/strong><span>\u00a0<\/span>:<span> Lef\u00e8vre J\u00e9r\u00f4me<\/span><\/p>\n<h3 class=\"spip\">Droits d&rsquo;auteurs<\/h3>\n<p>Ce site rel\u00e8ve de la l\u00e9gislation fran\u00e7aise et internationale sur le droit d&rsquo;auteur et la propri\u00e9t\u00e9 intellectuelle.<\/p>\n<p>Tous les droits de reproduction sont r\u00e9serv\u00e9s.<\/p>\n<h3 class=\"spip\">Liens hypertextes<\/h3>\n<p>Ce site contient des liens hypertextes permettant l&rsquo;acc\u00e8s \u00e0 des sites qui ne sont pas \u00e9dit\u00e9s par le responsable de ce site.<\/p>\n<p>En cons\u00e9quence le directeur de publication ne saurait \u00eatre tenu pour responsable du contenu des sites auxquels l&rsquo;internaute aurait ainsi acc\u00e8s.<\/p>\n<p>Il est formellement interdit de collecter et d&rsquo;utiliser les informations disponibles sur le site \u00e0 des fins commerciales.<\/p>\n<p>Cette interdiction s&rsquo;\u00e9tend notamment, sans que cette liste ne soit limitative, \u00e0 tout \u00e9l\u00e9ment r\u00e9dactionnel figurant sur le site, \u00e0 la pr\u00e9sentation des \u00e9crans, aux logiciels n\u00e9cessaires \u00e0 l&rsquo;exploitation, aux logos, images, photos, graphiques, de quelque nature qu&rsquo;ils soient.<\/p>\n<h3 class=\"spip\">Liens hypertextes vers ce site<\/h3>\n<p>\u00c0 l&rsquo;exception de sites diffusant des informations et\/ou contenus ayant un caract\u00e8re ill\u00e9gal et\/ou \u00e0 caract\u00e8re politique, religieux, pornographique, x\u00e9nophobe, vous pouvez cr\u00e9er un lien hypertexte vers notre Site sur votre site.<\/p>\n<p>La mise en place de lien hypertexte n&rsquo;autorise en aucune fa\u00e7on la reproduction d&rsquo;\u00e9l\u00e9ments du site ou la pr\u00e9sentation sur des sites tiers d&rsquo;\u00e9l\u00e9ments du Site sous forme de Frame ou syst\u00e8me apparent\u00e9.<\/p>\n<p>Enfin, la mise en place de lien hypertexte n&rsquo;autorise en aucune fa\u00e7on de proposer l&rsquo;envoi d&rsquo;un message pr\u00e9-r\u00e9dig\u00e9 \u00e0 une adresse mail li\u00e9e au Site ou la mise en place d&rsquo;un syst\u00e8me permettant l&rsquo;envoi massif de messages quelle qu&rsquo;en soit la nature.<\/p>\n<h3 class=\"spip\">\u00c0 propos de ce site<\/h3>\n<p>Ce site utilise :<\/p>\n<ul class=\"spip\">\n<li>Worpress<\/li>\n<li>Divi Builder<\/li>\n<\/ul>\n<p><\/p>[\/et_pb_text][\/et_pb_column][\/et_pb_row][\/et_pb_section]<!-- \/wp:post-content -->","protected":false},"excerpt":{"rendered":"<p>En vertu de la loi pour la confiance dans l&rsquo;\u00e9conomie num\u00e9rique (LCEN) du 21 juin 2004, voici les coordonn\u00e9es de l&rsquo;\u00e9diteur et du prestataire qui accueille le site : http:\/\/lyceehenaff.fr Site Internet\u00a0: Lyc\u00e9e E. H\u00e9naff &#8211; Bagnolet Directeur de la publication\u00a0: Mme P\u00e9rier-Schiano Responsable d&rsquo;\u00e9dition\u00a0: M. Lef\u00e8vre H\u00e9bergeur assurant le stockage direct et permanent\u00a0: OVH [&hellip;]<\/p>\n","protected":false},"author":2,"featured_media":0,"parent":0,"menu_order":0,"comment_status":"closed","ping_status":"closed","template":"","meta":{"_et_pb_use_builder":"on","_et_pb_old_content":"","_et_gb_content_width":"","footnotes":""},"class_list":["post-476","page","type-page","status-publish","hentry"],"_links":{"self":[{"href":"https:\/\/www.lyceehenaff.fr\/index.php\/wp-json\/wp\/v2\/pages\/476","targetHints":{"allow":["GET"]}}],"collection":[{"href":"https:\/\/www.lyceehenaff.fr\/index.php\/wp-json\/wp\/v2\/pages"}],"about":[{"href":"https:\/\/www.lyceehenaff.fr\/index.php\/wp-json\/wp\/v2\/types\/page"}],"author":[{"embeddable":true,"href":"https:\/\/www.lyceehenaff.fr\/index.php\/wp-json\/wp\/v2\/users\/2"}],"replies":[{"embeddable":true,"href":"https:\/\/www.lyceehenaff.fr\/index.php\/wp-json\/wp\/v2\/comments?post=476"}],"version-history":[{"count":5,"href":"https:\/\/www.lyceehenaff.fr\/index.php\/wp-json\/wp\/v2\/pages\/476\/revisions"}],"predecessor-version":[{"id":486,"href":"https:\/\/www.lyceehenaff.fr\/index.php\/wp-json\/wp\/v2\/pages\/476\/revisions\/486"}],"wp:attachment":[{"href":"https:\/\/www.lyceehenaff.fr\/index.php\/wp-json\/wp\/v2\/media?parent=476"}],"curies":[{"name":"wp","href":"https:\/\/api.w.org\/{rel}","templated":true}]}}