{"id":487,"date":"2023-12-09T09:07:23","date_gmt":"2023-12-09T08:07:23","guid":{"rendered":"http:\/\/www.lyceehenaff.fr\/?page_id=487"},"modified":"2023-12-15T16:58:38","modified_gmt":"2023-12-15T15:58:38","slug":"bac-professionnel-technicien-menuisier-agenceur","status":"publish","type":"page","link":"https:\/\/www.lyceehenaff.fr\/index.php\/bac-professionnel-technicien-menuisier-agenceur\/","title":{"rendered":"Bac Professionnel Technicien Menuisier Agenceur"},"content":{"rendered":"<p>[et_pb_section fb_built=\u00a0\u00bb1&Prime; _builder_version=\u00a0\u00bb4.23.1&Prime; _module_preset=\u00a0\u00bbdefault\u00a0\u00bb background_enable_image=\u00a0\u00bboff\u00a0\u00bb border_radii=\u00a0\u00bbon|10px|10px|10px|10px\u00a0\u00bb global_colors_info=\u00a0\u00bb{}\u00a0\u00bb][et_pb_row _builder_version=\u00a0\u00bb4.23.1&Prime; _module_preset=\u00a0\u00bbdefault\u00a0\u00bb global_colors_info=\u00a0\u00bb{}\u00a0\u00bb][et_pb_column type=\u00a0\u00bb4_4&Prime; _builder_version=\u00a0\u00bb4.23.1&Prime; _module_preset=\u00a0\u00bbdefault\u00a0\u00bb global_colors_info=\u00a0\u00bb{}\u00a0\u00bb][et_pb_heading title=\u00a0\u00bbBac Pro Technicien Menuisier Agenceur\u00a0\u00bb _builder_version=\u00a0\u00bb4.23.1&Prime; _module_preset=\u00a0\u00bbdefault\u00a0\u00bb global_colors_info=\u00a0\u00bb{}\u00a0\u00bb][\/et_pb_heading][\/et_pb_column][\/et_pb_row][\/et_pb_section][et_pb_section fb_built=\u00a0\u00bb1&Prime; _builder_version=\u00a0\u00bb4.23.1&Prime; _module_preset=\u00a0\u00bbdefault\u00a0\u00bb custom_margin=\u00a0\u00bb-126px|||||\u00a0\u00bb global_colors_info=\u00a0\u00bb{}\u00a0\u00bb][et_pb_row _builder_version=\u00a0\u00bb4.23.1&Prime; _module_preset=\u00a0\u00bbdefault\u00a0\u00bb global_colors_info=\u00a0\u00bb{}\u00a0\u00bb][et_pb_column type=\u00a0\u00bb4_4&Prime; _builder_version=\u00a0\u00bb4.23.1&Prime; _module_preset=\u00a0\u00bbdefault\u00a0\u00bb global_colors_info=\u00a0\u00bb{}\u00a0\u00bb][et_pb_text _builder_version=\u00a0\u00bb4.23.1&Prime; _module_preset=\u00a0\u00bbdefault\u00a0\u00bb width=\u00a0\u00bb100%\u00a0\u00bb custom_margin=\u00a0\u00bb|422px||||\u00a0\u00bb link_option_url_new_window=\u00a0\u00bbon\u00a0\u00bb global_colors_info=\u00a0\u00bb{}\u00a0\u00bb]<\/p>\n<p><strong>Pr\u00e9sentation du dipl\u00f4me\/m\u00e9tier<\/strong><\/p>\n<p>Le titulaire du baccalaur\u00e9at professionnel Technicien Menuisier agenceur exerce son activit\u00e9 dans les petites ou moyennes entreprises qui fabriquent et installent des ouvrages de menuiserie du b\u00e2timent et\/ou des agencements ext\u00e9rieurs et int\u00e9rieurs pour l\u2019habitat individuel et collectif (habitation individuelles ou collectives, locaux professionnels, lieux de loisirs, \u00e9tablissements et centres culturels, sociaux, scolaires sportifs\u2026). Il intervient en partie dans l\u2019atelier pour les op\u00e9rations de fabrication et en partie sur chantier pour les op\u00e9rations de pose.<\/p>\n<p><strong>Le profil recherch\u00e9<\/strong><br class=\"autobr\" \/>Le Bac Pro TMA s\u2019adresse \u00e0 des \u00e9l\u00e8ves qui veulent d\u00e9velopper leurs qualit\u00e9s pratiques, qui savent communiquer, respecter des consignes et faire preuve de curiosit\u00e9. Nous comptons sur des \u00e9l\u00e8ves qui veulent travailler s\u00e9rieusement avec des professionnels.<\/p>\n<p><strong>Programme de travail<\/strong><\/p>\n<ul class=\"spip\">\n<li>Le Bac Pro TMA comprend des mati\u00e8res g\u00e9n\u00e9rales (fran\u00e7ais, histoire g\u00e9ographie, math\u00e9matiques et sciences, langue vivante, EPS) essentielles \u00e0 la formation de l\u2019\u00e9l\u00e8ve citoyen, \u00e0 sa culture g\u00e9n\u00e9rale et \u00e0 son autonomie.<\/li>\n<\/ul>\n<ul class=\"spip\">\n<li>A l\u2019atelier, il est amen\u00e9 \u00e0\u00a0: pr\u00e9parer le processus de fabrication, organiser les postes de travail et r\u00e9partir les t\u00e2ches entre les op\u00e9rateurs, r\u00e9aliser en autonomie la fabrication et l\u2019assemblage des composants d\u2019un ouvrage, animer le travail d\u2019une \u00e9quipe pour des travaux n\u00e9cessitant d\u2019employer plusieurs personnes.<\/li>\n<\/ul>\n<ul class=\"spip\">\n<li>Sur chantier, il est amen\u00e9 \u00e0\u00a0: pr\u00e9parer le processus de mise en \u0153uvre, organiser la zone de travail et mettre en place les moyens mat\u00e9riels n\u00e9cessaires, r\u00e9aliser et conduire en autonomie l\u2019installation compl\u00e8te d\u2019un ouvrage de menuiserie ou d\u2019agencement, animer le travail d\u2019une \u00e9quipe et g\u00e9rer la qualit\u00e9 et la s\u00e9curit\u00e9 sur le chantier.<\/li>\n<\/ul>\n<ul class=\"spip\">\n<li>22 semaines de stages (PMFP) r\u00e9parties sur les 3 ann\u00e9es de la formation.<\/li>\n<\/ul>\n<p>&nbsp;<\/p>\n<p><strong>Plus d\u2019infos&#8230;<\/strong><br \/><a href=\"https:\/\/www.onisep.fr\/ressources\/Univers-Metier\/Metiers\/menuisier-menuisiere\" _blank=\"\">Fiche m\u00e9tier ONISEP<\/a><br class=\"autobr\" \/><a href=\"https:\/\/www.youtube.com\/watch?v=W5RDdctigE0\" target=\"_blank\" rel=\"noopener\">Vid\u00e9o\u00a0: une journ\u00e9e d\u2019un menuisier agenceur<\/a><br class=\"autobr\" \/><a href=\"https:\/\/www.youtube.com\/watch?v=6R5EiYpL1ic\" target=\"_blank\" rel=\"noopener\">Une entreprise de menuiserie<\/a><\/p>\n<p>[\/et_pb_text][\/et_pb_column][\/et_pb_row][et_pb_row _builder_version=\u00a0\u00bb4.23.1&Prime; _module_preset=\u00a0\u00bbdefault\u00a0\u00bb global_colors_info=\u00a0\u00bb{}\u00a0\u00bb][et_pb_column type=\u00a0\u00bb4_4&Prime; _builder_version=\u00a0\u00bb4.23.1&Prime; _module_preset=\u00a0\u00bbdefault\u00a0\u00bb global_colors_info=\u00a0\u00bb{}\u00a0\u00bb][et_pb_gallery gallery_ids=\u00a0\u00bb500,499,498,497,496,495,494,493,492,491&Prime; fullwidth=\u00a0\u00bbon\u00a0\u00bb _builder_version=\u00a0\u00bb4.23.1&Prime; _module_preset=\u00a0\u00bbdefault\u00a0\u00bb animation_style=\u00a0\u00bbfade\u00a0\u00bb auto=\u00a0\u00bbon\u00a0\u00bb border_radii=\u00a0\u00bbon|10px|10px|10px|10px\u00a0\u00bb border_width_all=\u00a0\u00bb5px\u00a0\u00bb border_color_all=\u00a0\u00bb#000000&Prime; global_colors_info=\u00a0\u00bb{}\u00a0\u00bb][\/et_pb_gallery][\/et_pb_column][\/et_pb_row][et_pb_row _builder_version=\u00a0\u00bb4.23.1&Prime; _module_preset=\u00a0\u00bbdefault\u00a0\u00bb global_colors_info=\u00a0\u00bb{}\u00a0\u00bb][et_pb_column type=\u00a0\u00bb4_4&Prime; _builder_version=\u00a0\u00bb4.23.1&Prime; _module_preset=\u00a0\u00bbdefault\u00a0\u00bb global_colors_info=\u00a0\u00bb{}\u00a0\u00bb][et_pb_button button_url=\u00a0\u00bbhttps:\/\/www.lyceehenaff.fr\/wp-content\/uploads\/2023\/12\/plaquette_MA.pdf\u00a0\u00bb url_new_window=\u00a0\u00bbon\u00a0\u00bb button_text=\u00a0\u00bbPlaquette Menuisier Agenceur\u00a0\u00bb button_alignment=\u00a0\u00bbcenter\u00a0\u00bb _builder_version=\u00a0\u00bb4.23.1&Prime; _module_preset=\u00a0\u00bbdefault\u00a0\u00bb custom_button=\u00a0\u00bbon\u00a0\u00bb button_text_color=\u00a0\u00bb#000000&Prime; hover_enabled=\u00a0\u00bb0&Prime; global_colors_info=\u00a0\u00bb{}\u00a0\u00bb sticky_enabled=\u00a0\u00bb0&Prime;][\/et_pb_button][\/et_pb_column][\/et_pb_row][\/et_pb_section]<\/p>\n","protected":false},"excerpt":{"rendered":"<p>Pr\u00e9sentation du dipl\u00f4me\/m\u00e9tier Le titulaire du baccalaur\u00e9at professionnel Technicien Menuisier agenceur exerce son activit\u00e9 dans les petites ou moyennes entreprises qui fabriquent et installent des ouvrages de menuiserie du b\u00e2timent et\/ou des agencements ext\u00e9rieurs et int\u00e9rieurs pour l\u2019habitat individuel et collectif (habitation individuelles ou collectives, locaux professionnels, lieux de loisirs, \u00e9tablissements et centres culturels, sociaux, [&hellip;]<\/p>\n","protected":false},"author":2,"featured_media":0,"parent":0,"menu_order":0,"comment_status":"closed","ping_status":"closed","template":"","meta":{"_et_pb_use_builder":"on","_et_pb_old_content":"","_et_gb_content_width":"","footnotes":""},"class_list":["post-487","page","type-page","status-publish","hentry"],"_links":{"self":[{"href":"https:\/\/www.lyceehenaff.fr\/index.php\/wp-json\/wp\/v2\/pages\/487","targetHints":{"allow":["GET"]}}],"collection":[{"href":"https:\/\/www.lyceehenaff.fr\/index.php\/wp-json\/wp\/v2\/pages"}],"about":[{"href":"https:\/\/www.lyceehenaff.fr\/index.php\/wp-json\/wp\/v2\/types\/page"}],"author":[{"embeddable":true,"href":"https:\/\/www.lyceehenaff.fr\/index.php\/wp-json\/wp\/v2\/users\/2"}],"replies":[{"embeddable":true,"href":"https:\/\/www.lyceehenaff.fr\/index.php\/wp-json\/wp\/v2\/comments?post=487"}],"version-history":[{"count":13,"href":"https:\/\/www.lyceehenaff.fr\/index.php\/wp-json\/wp\/v2\/pages\/487\/revisions"}],"predecessor-version":[{"id":969,"href":"https:\/\/www.lyceehenaff.fr\/index.php\/wp-json\/wp\/v2\/pages\/487\/revisions\/969"}],"wp:attachment":[{"href":"https:\/\/www.lyceehenaff.fr\/index.php\/wp-json\/wp\/v2\/media?parent=487"}],"curies":[{"name":"wp","href":"https:\/\/api.w.org\/{rel}","templated":true}]}}