{"id":517,"date":"2023-12-09T17:45:24","date_gmt":"2023-12-09T16:45:24","guid":{"rendered":"http:\/\/www.lyceehenaff.fr\/?page_id=517"},"modified":"2023-12-15T16:59:51","modified_gmt":"2023-12-15T15:59:51","slug":"bac-professionnel-etudes-et-realisation-dagencement","status":"publish","type":"page","link":"https:\/\/www.lyceehenaff.fr\/index.php\/bac-professionnel-etudes-et-realisation-dagencement\/","title":{"rendered":"Bac Professionnel Etudes et R\u00e9alisation d\u2019Agencement"},"content":{"rendered":"<p>[et_pb_section fb_built=\u00a0\u00bb1&Prime; _builder_version=\u00a0\u00bb4.23.1&Prime; _module_preset=\u00a0\u00bbdefault\u00a0\u00bb background_enable_image=\u00a0\u00bboff\u00a0\u00bb border_radii=\u00a0\u00bbon|10px|10px|10px|10px\u00a0\u00bb global_colors_info=\u00a0\u00bb{}\u00a0\u00bb][et_pb_row _builder_version=\u00a0\u00bb4.23.1&Prime; _module_preset=\u00a0\u00bbdefault\u00a0\u00bb global_colors_info=\u00a0\u00bb{}\u00a0\u00bb][et_pb_column type=\u00a0\u00bb4_4&Prime; _builder_version=\u00a0\u00bb4.23.1&Prime; _module_preset=\u00a0\u00bbdefault\u00a0\u00bb global_colors_info=\u00a0\u00bb{}\u00a0\u00bb][et_pb_heading title=\u00a0\u00bbBac Professionnel Etudes et R\u00e9alisation d\u2019Agencement\u00a0\u00bb _builder_version=\u00a0\u00bb4.23.1&Prime; _module_preset=\u00a0\u00bbdefault\u00a0\u00bb global_colors_info=\u00a0\u00bb{}\u00a0\u00bb][\/et_pb_heading][\/et_pb_column][\/et_pb_row][\/et_pb_section][et_pb_section fb_built=\u00a0\u00bb1&Prime; _builder_version=\u00a0\u00bb4.23.1&Prime; _module_preset=\u00a0\u00bbdefault\u00a0\u00bb custom_margin=\u00a0\u00bb-126px|||||\u00a0\u00bb custom_padding=\u00a0\u00bb36px|||||\u00a0\u00bb global_colors_info=\u00a0\u00bb{}\u00a0\u00bb][et_pb_row _builder_version=\u00a0\u00bb4.23.1&Prime; _module_preset=\u00a0\u00bbdefault\u00a0\u00bb custom_margin=\u00a0\u00bb1px|auto||auto||\u00a0\u00bb global_colors_info=\u00a0\u00bb{}\u00a0\u00bb][et_pb_column type=\u00a0\u00bb4_4&Prime; _builder_version=\u00a0\u00bb4.23.1&Prime; _module_preset=\u00a0\u00bbdefault\u00a0\u00bb global_colors_info=\u00a0\u00bb{}\u00a0\u00bb][et_pb_text _builder_version=\u00a0\u00bb4.23.1&Prime; _module_preset=\u00a0\u00bbdefault\u00a0\u00bb width=\u00a0\u00bb100%\u00a0\u00bb custom_margin=\u00a0\u00bb|422px||||\u00a0\u00bb link_option_url_new_window=\u00a0\u00bbon\u00a0\u00bb global_colors_info=\u00a0\u00bb{}\u00a0\u00bb]<\/p>\n<p><strong>Pr\u00e9sentation du dipl\u00f4me\/m\u00e9tier<\/strong><\/p>\n<p>Le titulaire de ce bac pro est un technicien de l\u2019agencement. Il intervient en bureau d\u2019\u00e9tudes pour participer \u00e0 la conception technique du projet. Sur un chantier il organise la mise en \u0153uvre d\u2019ouvrages d\u2019agencement et d\u2019am\u00e9nagements ext\u00e9rieurs et int\u00e9rieurs dans le respect du parti architectural et d\u00e9coratif du projet.<\/p>\n<p>Au sein de l\u2019entreprise, en bureau d\u2019\u00e9tudes, en atelier et sur site, son activit\u00e9 consiste \u00e0 participer \u00e0 la finalisation de l\u2019\u00e9tude esth\u00e9tique et \u00e0 la d\u00e9finition du projet. Il pr\u00e9pare la r\u00e9alisation technique d\u2019un projet multi-mat\u00e9riaux \u00e0 partir des concepts et normes de l\u2019agencement et du cahier des charges architectural. Il organise, planifie, anime et g\u00e8re le suivi de la mise en \u0153uvre sur chantier du lot agencement avec intervention de plusieurs corps d\u2019\u00e9tats.<\/p>\n<p>Le titulaire du bac pro \u00ab\u00a0\u00e9tude et r\u00e9alisation d\u2019agencement\u00a0\u00bb exerce son activit\u00e9 dans les petites ou moyennes entreprises qui con\u00e7oivent, fabriquent, installent des agencements ext\u00e9rieurs et int\u00e9rieurs : habitat individuel ou collectif, locaux professionnels, \u00e9tablissements recevant du public, commerces, construction navale et a\u00e9ronautique&#8230;<\/p>\n<p><strong>Le profil recherch\u00e9<\/strong><br class=\"autobr\" \/>Le Bac Pro ERA s\u2019adresse \u00e0 des \u00e9l\u00e8ves qui veulent travailler en \u00e9quipe, d\u00e9velopper leurs qualit\u00e9s culturelles, pratiques et informatiques, qui savent communiquer, respecter des consignes et faire preuve de curiosit\u00e9 et d\u2019autonomie. Nous comptons sur des \u00e9l\u00e8ves qui veulent travailler s\u00e9rieusement avec des professionnels.<\/p>\n<p><strong>Programme de travail<\/strong><\/p>\n<ul class=\"spip\">\n<li>Le Bac Pro ERA comprend des mati\u00e8res g\u00e9n\u00e9rales (fran\u00e7ais, histoire g\u00e9ographie, math\u00e9matiques et sciences, langue vivante, EPS) essentielles \u00e0 la formation de l\u2019\u00e9l\u00e8ve citoyen, \u00e0 sa culture g\u00e9n\u00e9rale et \u00e0 son autonomie.<\/li>\n<\/ul>\n<ul class=\"spip\">\n<li>La formation porte sur l\u2019histoire de l\u2019art, des styles et des tendances dans le domaine de l\u2019agencement, l\u2019analyse d\u2019un projet d\u2019agencement, la pr\u00e9paration de chantier, la r\u00e9alisation de maquettes et prototypes.<\/li>\n<\/ul>\n<ul class=\"spip\">\n<li>22 semaines de stages (PMFP) r\u00e9parties sur les 3 ann\u00e9es de la formation.<\/li>\n<\/ul>\n<p>&nbsp;<\/p>\n<p><strong>Poursuite d\u2019\u00e9tudes et d\u00e9bouch\u00e9s professionnels<\/strong><\/p>\n<ul class=\"spip\">\n<li><a href=\"https:\/\/www.onisep.fr\/Ressources\/univers-formation\/Formations\/Post-bac\/bts-etude-et-realisation-d-agencement\" class=\"spip_out\" rel=\"external noopener\" target=\"_blank\">BTS \u00c9tude et r\u00e9alisation d\u2019agencement<\/a><\/li>\n<\/ul>\n<p><strong>Plus d\u2019infos&#8230;<\/strong><br \/><a href=\"https:\/\/www.onisep.fr\/ressources\/univers-formation\/formations\/Lycees\/bac-pro-etude-et-realisation-d-agencement\" class=\"spip_out\" rel=\"external noopener\" target=\"_blank\">Fiche m\u00e9tier ONISEP<\/a><\/p>\n<p><a href=\"https:\/\/www.youtube.com\/watch?v=6R5EiYpL1ic\" target=\"_blank\" rel=\"noopener\"><\/a><\/p>\n<p>[\/et_pb_text][\/et_pb_column][\/et_pb_row][et_pb_row _builder_version=\u00a0\u00bb4.23.1&Prime; _module_preset=\u00a0\u00bbdefault\u00a0\u00bb global_colors_info=\u00a0\u00bb{}\u00a0\u00bb][et_pb_column type=\u00a0\u00bb4_4&Prime; _builder_version=\u00a0\u00bb4.23.1&Prime; _module_preset=\u00a0\u00bbdefault\u00a0\u00bb global_colors_info=\u00a0\u00bb{}\u00a0\u00bb][et_pb_gallery gallery_ids=\u00a0\u00bb500,499,498,497,496,495,494,493,492,491&Prime; fullwidth=\u00a0\u00bbon\u00a0\u00bb _builder_version=\u00a0\u00bb4.23.1&Prime; _module_preset=\u00a0\u00bbdefault\u00a0\u00bb animation_style=\u00a0\u00bbfade\u00a0\u00bb auto=\u00a0\u00bbon\u00a0\u00bb border_radii=\u00a0\u00bbon|10px|10px|10px|10px\u00a0\u00bb border_width_all=\u00a0\u00bb5px\u00a0\u00bb border_color_all=\u00a0\u00bb#000000&Prime; global_colors_info=\u00a0\u00bb{}\u00a0\u00bb][\/et_pb_gallery][\/et_pb_column][\/et_pb_row][et_pb_row _builder_version=\u00a0\u00bb4.23.1&Prime; _module_preset=\u00a0\u00bbdefault\u00a0\u00bb global_colors_info=\u00a0\u00bb{}\u00a0\u00bb][et_pb_column type=\u00a0\u00bb4_4&Prime; _builder_version=\u00a0\u00bb4.23.1&Prime; _module_preset=\u00a0\u00bbdefault\u00a0\u00bb global_colors_info=\u00a0\u00bb{}\u00a0\u00bb][et_pb_button button_url=\u00a0\u00bbhttps:\/\/www.lyceehenaff.fr\/wp-content\/uploads\/2023\/12\/plaquette_ERA.pdf\u00a0\u00bb url_new_window=\u00a0\u00bbon\u00a0\u00bb button_text=\u00a0\u00bbPlaquette ERA\u00a0\u00bb button_alignment=\u00a0\u00bbcenter\u00a0\u00bb _builder_version=\u00a0\u00bb4.23.1&Prime; _module_preset=\u00a0\u00bbdefault\u00a0\u00bb custom_button=\u00a0\u00bbon\u00a0\u00bb button_text_color=\u00a0\u00bb#000000&Prime; hover_enabled=\u00a0\u00bb0&Prime; global_colors_info=\u00a0\u00bb{}\u00a0\u00bb sticky_enabled=\u00a0\u00bb0&Prime;][\/et_pb_button][\/et_pb_column][\/et_pb_row][\/et_pb_section]<\/p>\n","protected":false},"excerpt":{"rendered":"<p>Pr\u00e9sentation du dipl\u00f4me\/m\u00e9tier Le titulaire de ce bac pro est un technicien de l\u2019agencement. Il intervient en bureau d\u2019\u00e9tudes pour participer \u00e0 la conception technique du projet. Sur un chantier il organise la mise en \u0153uvre d\u2019ouvrages d\u2019agencement et d\u2019am\u00e9nagements ext\u00e9rieurs et int\u00e9rieurs dans le respect du parti architectural et d\u00e9coratif du projet. Au sein [&hellip;]<\/p>\n","protected":false},"author":2,"featured_media":0,"parent":0,"menu_order":0,"comment_status":"closed","ping_status":"closed","template":"","meta":{"_et_pb_use_builder":"on","_et_pb_old_content":"","_et_gb_content_width":"","footnotes":""},"class_list":["post-517","page","type-page","status-publish","hentry"],"_links":{"self":[{"href":"https:\/\/www.lyceehenaff.fr\/index.php\/wp-json\/wp\/v2\/pages\/517","targetHints":{"allow":["GET"]}}],"collection":[{"href":"https:\/\/www.lyceehenaff.fr\/index.php\/wp-json\/wp\/v2\/pages"}],"about":[{"href":"https:\/\/www.lyceehenaff.fr\/index.php\/wp-json\/wp\/v2\/types\/page"}],"author":[{"embeddable":true,"href":"https:\/\/www.lyceehenaff.fr\/index.php\/wp-json\/wp\/v2\/users\/2"}],"replies":[{"embeddable":true,"href":"https:\/\/www.lyceehenaff.fr\/index.php\/wp-json\/wp\/v2\/comments?post=517"}],"version-history":[{"count":8,"href":"https:\/\/www.lyceehenaff.fr\/index.php\/wp-json\/wp\/v2\/pages\/517\/revisions"}],"predecessor-version":[{"id":970,"href":"https:\/\/www.lyceehenaff.fr\/index.php\/wp-json\/wp\/v2\/pages\/517\/revisions\/970"}],"wp:attachment":[{"href":"https:\/\/www.lyceehenaff.fr\/index.php\/wp-json\/wp\/v2\/media?parent=517"}],"curies":[{"name":"wp","href":"https:\/\/api.w.org\/{rel}","templated":true}]}}