{"id":587,"date":"2023-12-10T11:39:06","date_gmt":"2023-12-10T10:39:06","guid":{"rendered":"http:\/\/www.lyceehenaff.fr\/?page_id=587"},"modified":"2023-12-15T17:02:34","modified_gmt":"2023-12-15T16:02:34","slug":"bac-professionnel-etudes-et-economie-du-batiment","status":"publish","type":"page","link":"https:\/\/www.lyceehenaff.fr\/index.php\/bac-professionnel-etudes-et-economie-du-batiment\/","title":{"rendered":"Bac Professionnel Etudes et Economie du B\u00e2timent"},"content":{"rendered":"<p>[et_pb_section fb_built=\u00a0\u00bb1&Prime; _builder_version=\u00a0\u00bb4.23.1&Prime; _module_preset=\u00a0\u00bbdefault\u00a0\u00bb background_enable_image=\u00a0\u00bboff\u00a0\u00bb border_radii=\u00a0\u00bbon|10px|10px|10px|10px\u00a0\u00bb global_colors_info=\u00a0\u00bb{}\u00a0\u00bb][et_pb_row _builder_version=\u00a0\u00bb4.23.1&Prime; _module_preset=\u00a0\u00bbdefault\u00a0\u00bb global_colors_info=\u00a0\u00bb{}\u00a0\u00bb][et_pb_column type=\u00a0\u00bb4_4&Prime; _builder_version=\u00a0\u00bb4.23.1&Prime; _module_preset=\u00a0\u00bbdefault\u00a0\u00bb global_colors_info=\u00a0\u00bb{}\u00a0\u00bb][et_pb_heading title=\u00a0\u00bbBac Professionnel Etudes et Economie du B\u00e2timent\u00a0\u00bb _builder_version=\u00a0\u00bb4.23.1&Prime; _module_preset=\u00a0\u00bbdefault\u00a0\u00bb global_colors_info=\u00a0\u00bb{}\u00a0\u00bb][\/et_pb_heading][\/et_pb_column][\/et_pb_row][\/et_pb_section][et_pb_section fb_built=\u00a0\u00bb1&Prime; _builder_version=\u00a0\u00bb4.23.1&Prime; _module_preset=\u00a0\u00bbdefault\u00a0\u00bb custom_margin=\u00a0\u00bb-126px|||||\u00a0\u00bb custom_padding=\u00a0\u00bb36px|||||\u00a0\u00bb global_colors_info=\u00a0\u00bb{}\u00a0\u00bb][et_pb_row _builder_version=\u00a0\u00bb4.23.1&Prime; _module_preset=\u00a0\u00bbdefault\u00a0\u00bb custom_margin=\u00a0\u00bb1px|auto||auto||\u00a0\u00bb global_colors_info=\u00a0\u00bb{}\u00a0\u00bb][et_pb_column type=\u00a0\u00bb4_4&Prime; _builder_version=\u00a0\u00bb4.23.1&Prime; _module_preset=\u00a0\u00bbdefault\u00a0\u00bb global_colors_info=\u00a0\u00bb{}\u00a0\u00bb][et_pb_text _builder_version=\u00a0\u00bb4.23.1&Prime; _module_preset=\u00a0\u00bbdefault\u00a0\u00bb width=\u00a0\u00bb100%\u00a0\u00bb custom_margin=\u00a0\u00bb|422px||||\u00a0\u00bb link_option_url_new_window=\u00a0\u00bbon\u00a0\u00bb global_colors_info=\u00a0\u00bb{}\u00a0\u00bb]<\/p>\n<p><strong>Pr\u00e9sentation du dipl\u00f4me\/m\u00e9tier<\/strong><\/p>\n<p>Le titulaire de ce dipl\u00f4me est un technicien qui joint \u00e0 ses qualit\u00e9s de dessinateur des connaissances techniques , \u00e9conomiques et l\u00e9gislatives en architecture.<br class=\"autobr\" \/>A l\u2019aide de documents graphiques (plans, coupes), de documents \u00e9crits (permis de construire, devis descriptifs, march\u00e9s), de documentations techniques, de normes et r\u00e8glements, il doit \u00eatre capable\u00a0:<\/p>\n<ul>\n<li>de rechercher et de communiquer des informations,<\/li>\n<li>d\u2019analyser un dossier contractuel de construction du b\u00e2timent,<\/li>\n<li>d\u2019\u00e9tudier et de dessiner des d\u00e9tails techniques,<\/li>\n<li>d\u2019\u00e9tablir un devis quantitatif et estimatif,<\/li>\n<li>de participer \u00e0 l\u2019implantation d\u2019un ouvrage sur le terrain,<\/li>\n<li>de participer \u00e0 l\u2019organisation et \u00e0 la gestion d\u2019un chantier,<\/li>\n<li>de contr\u00f4ler la r\u00e9alisation de l\u2019ouvrage.<\/li>\n<\/ul>\n<p><strong>Le profil recherch\u00e9<\/strong><\/p>\n<p><span>Le Bac Pro TBEE s\u2019adresse \u00e0 des \u00e9l\u00e8ves qui veulent d\u00e9velopper leurs qualit\u00e9s pratiques, qui savent communiquer, respecter des consignes et faire preuve de curiosit\u00e9. Nous comptons sur des \u00e9l\u00e8ves qui veulent travailler s\u00e9rieusement avec des professionnels.<\/span><\/p>\n<p><strong>Programme de travail<\/strong><\/p>\n<ul class=\"spip\">\n<li>Le Bac Pro TBEE comprend des mati\u00e8res g\u00e9n\u00e9rales (fran\u00e7ais, histoire g\u00e9ographie, math\u00e9matiques et sciences, langue vivante, EPS) essentielles \u00e0 la formation de l\u2019\u00e9l\u00e8ve citoyen, \u00e0 sa culture g\u00e9n\u00e9rale et \u00e0 son autonomie.<\/li>\n<\/ul>\n<ul class=\"spip\">\n<li>La formation comporte une partie technique et une partie \u00e9conomique. Un bon niveau de calcul est un crit\u00e8re de r\u00e9ussite pour \u00eatre impliqu\u00e9 dans les activit\u00e9s professionnelles de r\u00e9f\u00e9rence relevant de l\u2019art de construire.<br class=\"autobr\" \/>La pratique informatique est essentielle, en particulier, avec les logiciels de traitement de texte (word), de tableur (excel) et de dessin assist\u00e9 par ordinateur (Autocad).<\/li>\n<\/ul>\n<ul class=\"spip\">\n<li>\u00c9tude et pr\u00e9paration de l\u2019ex\u00e9cution\u00a0: quantification et estimation d\u2019un ouvrage, gestion de chantier, dessin industriel B\u00e2timent &#8211; technologie, \u00e9tude des structures, exploitation et communication, analyse d\u2019un dossier de construction, pratique topographique de terrain, vie sociale et professionnelle, p\u00e9riodes de Formation en Milieu Professionnel.<\/li>\n<\/ul>\n<ul class=\"spip\"><\/ul>\n<p><strong>Plus d\u2019infos&#8230;<\/strong><\/p>\n<p><a href=\"https:\/\/www.onisep.fr\/ressources\/univers-formation\/formations\/Lycees\/bac-pro-technicien-d-etudes-du-batiment-option-a-etudes-et-economie\" target=\"_blank\" rel=\"noopener\">Fiche ONISEP du Bac Pro BEE<\/a><\/p>\n<p><a href=\"https:\/\/www.youtube.com\/watch?v=6R5EiYpL1ic\" target=\"_blank\" rel=\"noopener\"><\/a><\/p>\n<p>[\/et_pb_text][\/et_pb_column][\/et_pb_row][et_pb_row _builder_version=\u00a0\u00bb4.23.1&Prime; _module_preset=\u00a0\u00bbdefault\u00a0\u00bb global_colors_info=\u00a0\u00bb{}\u00a0\u00bb][et_pb_column type=\u00a0\u00bb4_4&Prime; _builder_version=\u00a0\u00bb4.23.1&Prime; _module_preset=\u00a0\u00bbdefault\u00a0\u00bb global_colors_info=\u00a0\u00bb{}\u00a0\u00bb][et_pb_video src=\u00a0\u00bbhttps:\/\/www.youtube.com\/watch?v=0iFlrRJEYx0&Prime; _builder_version=\u00a0\u00bb4.23.1&Prime; _module_preset=\u00a0\u00bbdefault\u00a0\u00bb width=\u00a0\u00bb62%\u00a0\u00bb module_alignment=\u00a0\u00bbcenter\u00a0\u00bb border_radii=\u00a0\u00bbon|10px|10px|10px|10px\u00a0\u00bb border_width_all=\u00a0\u00bb5px\u00a0\u00bb border_color_all=\u00a0\u00bb#000000&Prime; global_colors_info=\u00a0\u00bb{}\u00a0\u00bb][\/et_pb_video][et_pb_gallery gallery_ids=\u00a0\u00bb597,598,596&Prime; fullwidth=\u00a0\u00bbon\u00a0\u00bb _builder_version=\u00a0\u00bb4.23.1&Prime; _module_preset=\u00a0\u00bbdefault\u00a0\u00bb width=\u00a0\u00bb53%\u00a0\u00bb module_alignment=\u00a0\u00bbcenter\u00a0\u00bb max_height=\u00a0\u00bb1000px\u00a0\u00bb border_radii=\u00a0\u00bbon|10px|10px|10px|10px\u00a0\u00bb border_width_all=\u00a0\u00bb5px\u00a0\u00bb border_color_all=\u00a0\u00bb#000000&Prime; global_colors_info=\u00a0\u00bb{}\u00a0\u00bb][\/et_pb_gallery][\/et_pb_column][\/et_pb_row][et_pb_row _builder_version=\u00a0\u00bb4.23.1&Prime; _module_preset=\u00a0\u00bbdefault\u00a0\u00bb global_colors_info=\u00a0\u00bb{}\u00a0\u00bb][et_pb_column type=\u00a0\u00bb4_4&Prime; _builder_version=\u00a0\u00bb4.23.1&Prime; _module_preset=\u00a0\u00bbdefault\u00a0\u00bb global_colors_info=\u00a0\u00bb{}\u00a0\u00bb][et_pb_button button_url=\u00a0\u00bbhttps:\/\/www.lyceehenaff.fr\/wp-content\/uploads\/2023\/12\/plaquette_Bac_pro_TBEE.pdf\u00a0\u00bb url_new_window=\u00a0\u00bbon\u00a0\u00bb button_text=\u00a0\u00bbPlaquette BEE\u00a0\u00bb button_alignment=\u00a0\u00bbcenter\u00a0\u00bb _builder_version=\u00a0\u00bb4.23.1&Prime; _module_preset=\u00a0\u00bbdefault\u00a0\u00bb custom_button=\u00a0\u00bbon\u00a0\u00bb button_text_color=\u00a0\u00bb#000000&Prime; hover_enabled=\u00a0\u00bb0&Prime; global_colors_info=\u00a0\u00bb{}\u00a0\u00bb sticky_enabled=\u00a0\u00bb0&Prime;][\/et_pb_button][\/et_pb_column][\/et_pb_row][\/et_pb_section]<\/p>\n","protected":false},"excerpt":{"rendered":"<p>Pr\u00e9sentation du dipl\u00f4me\/m\u00e9tier Le titulaire de ce dipl\u00f4me est un technicien qui joint \u00e0 ses qualit\u00e9s de dessinateur des connaissances techniques , \u00e9conomiques et l\u00e9gislatives en architecture.A l\u2019aide de documents graphiques (plans, coupes), de documents \u00e9crits (permis de construire, devis descriptifs, march\u00e9s), de documentations techniques, de normes et r\u00e8glements, il doit \u00eatre capable\u00a0: de rechercher [&hellip;]<\/p>\n","protected":false},"author":2,"featured_media":0,"parent":0,"menu_order":0,"comment_status":"closed","ping_status":"closed","template":"","meta":{"_et_pb_use_builder":"on","_et_pb_old_content":"","_et_gb_content_width":"","footnotes":""},"class_list":["post-587","page","type-page","status-publish","hentry"],"_links":{"self":[{"href":"https:\/\/www.lyceehenaff.fr\/index.php\/wp-json\/wp\/v2\/pages\/587","targetHints":{"allow":["GET"]}}],"collection":[{"href":"https:\/\/www.lyceehenaff.fr\/index.php\/wp-json\/wp\/v2\/pages"}],"about":[{"href":"https:\/\/www.lyceehenaff.fr\/index.php\/wp-json\/wp\/v2\/types\/page"}],"author":[{"embeddable":true,"href":"https:\/\/www.lyceehenaff.fr\/index.php\/wp-json\/wp\/v2\/users\/2"}],"replies":[{"embeddable":true,"href":"https:\/\/www.lyceehenaff.fr\/index.php\/wp-json\/wp\/v2\/comments?post=587"}],"version-history":[{"count":18,"href":"https:\/\/www.lyceehenaff.fr\/index.php\/wp-json\/wp\/v2\/pages\/587\/revisions"}],"predecessor-version":[{"id":973,"href":"https:\/\/www.lyceehenaff.fr\/index.php\/wp-json\/wp\/v2\/pages\/587\/revisions\/973"}],"wp:attachment":[{"href":"https:\/\/www.lyceehenaff.fr\/index.php\/wp-json\/wp\/v2\/media?parent=587"}],"curies":[{"name":"wp","href":"https:\/\/api.w.org\/{rel}","templated":true}]}}