{"id":601,"date":"2023-12-10T11:56:56","date_gmt":"2023-12-10T10:56:56","guid":{"rendered":"http:\/\/www.lyceehenaff.fr\/?page_id=601"},"modified":"2023-12-15T17:03:26","modified_gmt":"2023-12-15T16:03:26","slug":"bac-professionnel-technicien-geometre-topographe","status":"publish","type":"page","link":"https:\/\/www.lyceehenaff.fr\/index.php\/bac-professionnel-technicien-geometre-topographe\/","title":{"rendered":"Bac Professionnel Technicien G\u00e9om\u00e8tre Topographe"},"content":{"rendered":"<p>[et_pb_section fb_built=\u00a0\u00bb1&Prime; _builder_version=\u00a0\u00bb4.23.1&Prime; _module_preset=\u00a0\u00bbdefault\u00a0\u00bb background_enable_image=\u00a0\u00bboff\u00a0\u00bb border_radii=\u00a0\u00bbon|10px|10px|10px|10px\u00a0\u00bb global_colors_info=\u00a0\u00bb{}\u00a0\u00bb][et_pb_row _builder_version=\u00a0\u00bb4.23.1&Prime; _module_preset=\u00a0\u00bbdefault\u00a0\u00bb global_colors_info=\u00a0\u00bb{}\u00a0\u00bb][et_pb_column type=\u00a0\u00bb4_4&Prime; _builder_version=\u00a0\u00bb4.23.1&Prime; _module_preset=\u00a0\u00bbdefault\u00a0\u00bb global_colors_info=\u00a0\u00bb{}\u00a0\u00bb][et_pb_heading title=\u00a0\u00bbBac Professionnel Technicien G\u00e9om\u00e8tre Topographe\u00a0\u00bb _builder_version=\u00a0\u00bb4.23.1&Prime; _module_preset=\u00a0\u00bbdefault\u00a0\u00bb global_colors_info=\u00a0\u00bb{}\u00a0\u00bb][\/et_pb_heading][\/et_pb_column][\/et_pb_row][\/et_pb_section][et_pb_section fb_built=\u00a0\u00bb1&Prime; _builder_version=\u00a0\u00bb4.23.1&Prime; _module_preset=\u00a0\u00bbdefault\u00a0\u00bb custom_margin=\u00a0\u00bb-126px|||||\u00a0\u00bb custom_padding=\u00a0\u00bb36px|||||\u00a0\u00bb global_colors_info=\u00a0\u00bb{}\u00a0\u00bb][et_pb_row _builder_version=\u00a0\u00bb4.23.1&Prime; _module_preset=\u00a0\u00bbdefault\u00a0\u00bb custom_margin=\u00a0\u00bb1px|auto||auto||\u00a0\u00bb global_colors_info=\u00a0\u00bb{}\u00a0\u00bb][et_pb_column type=\u00a0\u00bb4_4&Prime; _builder_version=\u00a0\u00bb4.23.1&Prime; _module_preset=\u00a0\u00bbdefault\u00a0\u00bb global_colors_info=\u00a0\u00bb{}\u00a0\u00bb][et_pb_text _builder_version=\u00a0\u00bb4.23.1&Prime; _module_preset=\u00a0\u00bbdefault\u00a0\u00bb width=\u00a0\u00bb100%\u00a0\u00bb custom_margin=\u00a0\u00bb|422px||||\u00a0\u00bb link_option_url_new_window=\u00a0\u00bbon\u00a0\u00bb global_colors_info=\u00a0\u00bb{}\u00a0\u00bb]<\/p>\n<p><strong><\/strong><\/p>\n<p><strong>Pr\u00e9sentation du dipl\u00f4me\/m\u00e9tier<\/strong><\/p>\n<p>Le titulaire de ce dipl\u00f4me sera capable\u00a0:<\/p>\n<ul>\n<li>de repr\u00e9senter des terrains et construction sous forme de plans destin\u00e9s \u00e0 diverses \u00e9tudes,<\/li>\n<li>d\u2019exploiter des donn\u00e9es\u00a0: calcul et dessins informatis\u00e9s<\/li>\n<li>d\u2019implanter des projet ruraux et urbains de toute sorte : lotissements, stades, routes, assainissement&#8230;<\/li>\n<li>de participer \u00e0 l\u2019am\u00e9nagement du territoire (propri\u00e9t\u00e9, urbanisme, r\u00e9seaux routiers&#8230;),<\/li>\n<li>de manipuler des appareils de mesure, utilisation du G.P.S.<\/li>\n<li>d\u2019organiser un travail d\u2019\u00e9quipe sur le terrain et de contacter les propri\u00e9taires fonciers,<\/li>\n<li>de certifier les surfaces des biens immobiliers (loi Carrez), la pr\u00e9sence d\u2019amiante, plomb et termites,<\/li>\n<li>d\u2019entretenir des relations avec la client\u00e8le priv\u00e9e, le Cadastre, l\u2019Equipement, les directions d\u00e9partementales de l\u2019agriculture, les services techniques des mairies,<\/li>\n<li>d\u2019effectuer des missions \u00e0 l\u2019\u00e9tranger.<\/li>\n<\/ul>\n<p><strong>Le profil recherch\u00e9<\/strong><\/p>\n<p><span>Le Bac Pro G\u00e9om\u00e8tre Topographe s\u2019adresse \u00e0 des \u00e9l\u00e8ves qui veulent d\u00e9velopper leurs qualit\u00e9s pratiques, qui savent communiquer, respecter des consignes et faire preuve de curiosit\u00e9. Nous comptons sur des \u00e9l\u00e8ves qui veulent travailler s\u00e9rieusement avec des professionnels.<\/span><\/p>\n<p><strong>Programme de travail<\/strong><\/p>\n<ul class=\"spip\">\n<li>Le Bac Pro GTO comprend des mati\u00e8res g\u00e9n\u00e9rales (fran\u00e7ais, histoire g\u00e9ographie, math\u00e9matiques et sciences, langue vivante, EPS) essentielles \u00e0 la formation de l\u2019\u00e9l\u00e8ve citoyen, \u00e0 sa culture g\u00e9n\u00e9rale et \u00e0 son autonomie.<\/li>\n<\/ul>\n<ul class=\"spip\">\n<li>Enseignement professionnel<br class=\"autobr\" \/>Elle recouvre des travaux vari\u00e9s effectu\u00e9s sur le terrain et exploit\u00e9s en salle et n\u00e9cessite des qualit\u00e9s de soin, d\u2019organisation et de communication\u00a0: utilisation de l\u2019outil informatique\u00a0: exploitation de logiciels professionnels, mise en \u0153uvre des techniques nouvelles de lev\u00e9s et implantations, exploitation de documents sp\u00e9cifiques\u00a0: cadastres, urbanisme, plans d\u2019architectes&#8230;<\/li>\n<\/ul>\n<p><i>Am\u00e9nagement du territoire<\/i>\u00a0: urbanisme (lotissements, lois urbaines), travaux ruraux (remembrements, drainage), travaux publics (r\u00e9alisations routi\u00e8res, ouvrages d\u2019art)<br class=\"autobr\" \/><i>Topographie<\/i>\u00a0: relev\u00e9s et implantations planim\u00e9trique et altim\u00e9triques, \u00e9laboration de plans, profils routiers, plans d\u2019architecture et d\u2019int\u00e9rieur, calculs de surfaces, cubatures, nivellement, photogramm\u00e9trie, topologie, G.P.S.<br class=\"autobr\" \/><i>Foncier<span>\u00a0<\/span><\/i>\u00a0: d\u00e9limitation, division de terrains et bornages, plans parcellaires, documents cadastraux, copropri\u00e9t\u00e9<br class=\"autobr\" \/><i>Informatique<\/i>\u00a0: appareils de mesure sur le terrain, D.A.O. et C.A.O. \u00e0 l\u2019aide de logiciels professionnels, traitements num\u00e9riques et exploitation des donn\u00e9es<br class=\"autobr\" \/><i>Stages en milieu professionnel<\/i><\/p>\n<p><strong>Poursuite d\u2019\u00e9tudes et d\u00e9bouch\u00e9s professionnels<\/strong><\/p>\n<p>Apr\u00e8s le Bac. pro. : poursuite d\u2019\u00e9tude ou vie active, cabinets d\u2019architectes, travaux publics, administrations, collectivit\u00e9s territoriales&#8230;<\/p>\n<p>Dipl\u00f4mes dans le sup\u00e9rieur\u00a0:<br class=\"autobr\" \/>B.T.S. G\u00e9om\u00e8tre &#8211; Topographe, Travaux publics, B\u00e2timent<br class=\"autobr\" \/>D.U.T. G\u00e9nie civil<br class=\"autobr\" \/>Licence Sciences de la terre, G\u00e9ographie<br class=\"autobr\" \/>Ecoles d\u2019architecture<br class=\"autobr\" \/>Concours administratifs avec formation\u00a0: IGN, Cadastre, DDE.<\/p>\n<p>\u00a0<strong>Plus d\u2019infos&#8230;<\/strong><\/p>\n<p><a href=\"https:\/\/www.onisep.fr\/ressources\/Univers-Metier\/Metiers\/geometre-topographe\">Fiche ONISEP G\u00e9om\u00e8tre Topographe<\/a><\/p>\n<p><a href=\"https:\/\/www.youtube.com\/watch?v=6R5EiYpL1ic\" target=\"_blank\" rel=\"noopener\"><\/a><\/p>\n<p>[\/et_pb_text][\/et_pb_column][\/et_pb_row][et_pb_row _builder_version=\u00a0\u00bb4.23.1&Prime; _module_preset=\u00a0\u00bbdefault\u00a0\u00bb global_colors_info=\u00a0\u00bb{}\u00a0\u00bb][et_pb_column type=\u00a0\u00bb4_4&Prime; _builder_version=\u00a0\u00bb4.23.1&Prime; _module_preset=\u00a0\u00bbdefault\u00a0\u00bb global_colors_info=\u00a0\u00bb{}\u00a0\u00bb][et_pb_gallery gallery_ids=\u00a0\u00bb605,606,607,608,609,610,611,612,613,614&Prime; fullwidth=\u00a0\u00bbon\u00a0\u00bb _builder_version=\u00a0\u00bb4.23.1&Prime; _module_preset=\u00a0\u00bbdefault\u00a0\u00bb animation_style=\u00a0\u00bbfade\u00a0\u00bb auto=\u00a0\u00bbon\u00a0\u00bb border_radii=\u00a0\u00bbon|10px|10px|10px|10px\u00a0\u00bb border_width_all=\u00a0\u00bb5px\u00a0\u00bb border_color_all=\u00a0\u00bb#000000&Prime; global_colors_info=\u00a0\u00bb{}\u00a0\u00bb][\/et_pb_gallery][\/et_pb_column][\/et_pb_row][et_pb_row _builder_version=\u00a0\u00bb4.23.1&Prime; _module_preset=\u00a0\u00bbdefault\u00a0\u00bb global_colors_info=\u00a0\u00bb{}\u00a0\u00bb][et_pb_column type=\u00a0\u00bb4_4&Prime; _builder_version=\u00a0\u00bb4.23.1&Prime; _module_preset=\u00a0\u00bbdefault\u00a0\u00bb global_colors_info=\u00a0\u00bb{}\u00a0\u00bb][et_pb_button button_url=\u00a0\u00bbhttps:\/\/www.lyceehenaff.fr\/wp-content\/uploads\/2023\/12\/plaquette_Bac_pro_TGTO.pdf\u00a0\u00bb url_new_window=\u00a0\u00bbon\u00a0\u00bb button_text=\u00a0\u00bbPlaquette G\u00e9om\u00e8tre Topographe\u00a0\u00bb button_alignment=\u00a0\u00bbcenter\u00a0\u00bb _builder_version=\u00a0\u00bb4.23.1&Prime; _module_preset=\u00a0\u00bbdefault\u00a0\u00bb custom_button=\u00a0\u00bbon\u00a0\u00bb button_text_color=\u00a0\u00bb#000000&Prime; hover_enabled=\u00a0\u00bb0&Prime; global_colors_info=\u00a0\u00bb{}\u00a0\u00bb sticky_enabled=\u00a0\u00bb0&Prime;][\/et_pb_button][\/et_pb_column][\/et_pb_row][\/et_pb_section]<\/p>\n","protected":false},"excerpt":{"rendered":"<p>Pr\u00e9sentation du dipl\u00f4me\/m\u00e9tier Le titulaire de ce dipl\u00f4me sera capable\u00a0: de repr\u00e9senter des terrains et construction sous forme de plans destin\u00e9s \u00e0 diverses \u00e9tudes, d\u2019exploiter des donn\u00e9es\u00a0: calcul et dessins informatis\u00e9s d\u2019implanter des projet ruraux et urbains de toute sorte : lotissements, stades, routes, assainissement&#8230; de participer \u00e0 l\u2019am\u00e9nagement du territoire (propri\u00e9t\u00e9, urbanisme, r\u00e9seaux routiers&#8230;), [&hellip;]<\/p>\n","protected":false},"author":2,"featured_media":0,"parent":0,"menu_order":0,"comment_status":"closed","ping_status":"closed","template":"","meta":{"_et_pb_use_builder":"on","_et_pb_old_content":"","_et_gb_content_width":"","footnotes":""},"class_list":["post-601","page","type-page","status-publish","hentry"],"_links":{"self":[{"href":"https:\/\/www.lyceehenaff.fr\/index.php\/wp-json\/wp\/v2\/pages\/601","targetHints":{"allow":["GET"]}}],"collection":[{"href":"https:\/\/www.lyceehenaff.fr\/index.php\/wp-json\/wp\/v2\/pages"}],"about":[{"href":"https:\/\/www.lyceehenaff.fr\/index.php\/wp-json\/wp\/v2\/types\/page"}],"author":[{"embeddable":true,"href":"https:\/\/www.lyceehenaff.fr\/index.php\/wp-json\/wp\/v2\/users\/2"}],"replies":[{"embeddable":true,"href":"https:\/\/www.lyceehenaff.fr\/index.php\/wp-json\/wp\/v2\/comments?post=601"}],"version-history":[{"count":6,"href":"https:\/\/www.lyceehenaff.fr\/index.php\/wp-json\/wp\/v2\/pages\/601\/revisions"}],"predecessor-version":[{"id":974,"href":"https:\/\/www.lyceehenaff.fr\/index.php\/wp-json\/wp\/v2\/pages\/601\/revisions\/974"}],"wp:attachment":[{"href":"https:\/\/www.lyceehenaff.fr\/index.php\/wp-json\/wp\/v2\/media?parent=601"}],"curies":[{"name":"wp","href":"https:\/\/api.w.org\/{rel}","templated":true}]}}