{"id":624,"date":"2023-12-10T12:30:19","date_gmt":"2023-12-10T11:30:19","guid":{"rendered":"http:\/\/www.lyceehenaff.fr\/?page_id=624"},"modified":"2023-12-15T16:57:17","modified_gmt":"2023-12-15T15:57:17","slug":"bac-professionnel-installateur-en-chauffage-climatisation-et-energies-renouvelables-iccer","status":"publish","type":"page","link":"https:\/\/www.lyceehenaff.fr\/index.php\/bac-professionnel-installateur-en-chauffage-climatisation-et-energies-renouvelables-iccer\/","title":{"rendered":"Bac Professionnel\u00a0Installateur en Chauffage, Climatisation et Energies Renouvelables (ICCER)"},"content":{"rendered":"<p>[et_pb_section fb_built=\u00a0\u00bb1&Prime; _builder_version=\u00a0\u00bb4.23.1&Prime; _module_preset=\u00a0\u00bbdefault\u00a0\u00bb background_enable_image=\u00a0\u00bboff\u00a0\u00bb border_radii=\u00a0\u00bbon|10px|10px|10px|10px\u00a0\u00bb global_colors_info=\u00a0\u00bb{}\u00a0\u00bb][et_pb_row _builder_version=\u00a0\u00bb4.23.1&Prime; _module_preset=\u00a0\u00bbdefault\u00a0\u00bb global_colors_info=\u00a0\u00bb{}\u00a0\u00bb][et_pb_column type=\u00a0\u00bb4_4&Prime; _builder_version=\u00a0\u00bb4.23.1&Prime; _module_preset=\u00a0\u00bbdefault\u00a0\u00bb global_colors_info=\u00a0\u00bb{}\u00a0\u00bb][et_pb_heading title=\u00a0\u00bbBac Professionnel Installateur en Chauffage, Climatisation et Energies Renouvelables (ICCER)\u00a0\u00bb _builder_version=\u00a0\u00bb4.23.1&Prime; _module_preset=\u00a0\u00bbdefault\u00a0\u00bb global_colors_info=\u00a0\u00bb{}\u00a0\u00bb][\/et_pb_heading][\/et_pb_column][\/et_pb_row][\/et_pb_section][et_pb_section fb_built=\u00a0\u00bb1&Prime; _builder_version=\u00a0\u00bb4.23.1&Prime; _module_preset=\u00a0\u00bbdefault\u00a0\u00bb custom_margin=\u00a0\u00bb-126px|||||\u00a0\u00bb custom_padding=\u00a0\u00bb36px|||||\u00a0\u00bb global_colors_info=\u00a0\u00bb{}\u00a0\u00bb][et_pb_row _builder_version=\u00a0\u00bb4.23.1&Prime; _module_preset=\u00a0\u00bbdefault\u00a0\u00bb custom_margin=\u00a0\u00bb1px|auto||auto||\u00a0\u00bb global_colors_info=\u00a0\u00bb{}\u00a0\u00bb][et_pb_column type=\u00a0\u00bb4_4&Prime; _builder_version=\u00a0\u00bb4.23.1&Prime; _module_preset=\u00a0\u00bbdefault\u00a0\u00bb global_colors_info=\u00a0\u00bb{}\u00a0\u00bb][et_pb_text _builder_version=\u00a0\u00bb4.23.1&Prime; _module_preset=\u00a0\u00bbdefault\u00a0\u00bb width=\u00a0\u00bb100%\u00a0\u00bb custom_margin=\u00a0\u00bb|422px||||\u00a0\u00bb link_option_url_new_window=\u00a0\u00bbon\u00a0\u00bb global_colors_info=\u00a0\u00bb{}\u00a0\u00bb]<\/p>\n<p><strong><\/strong><\/p>\n<p><strong>Pr\u00e9sentation du dipl\u00f4me\/m\u00e9tier<\/strong><\/p>\n<p>Le<span>\u00a0baccalaur\u00e9at professionnel Energ\u00e9tique pr\u00e9pare en 3 ans \u00e0 une int\u00e9gration dans la vie professionnelle et ponctuellement \u00e0 une poursuite d\u2019\u00e9tude.<\/span><\/p>\n<p><strong>Le profil recherch\u00e9<\/strong><br class=\"autobr\" \/>Le<span>\u00a0Bac Pro ICCER s\u2019adresse \u00e0 des \u00e9l\u00e8ves qui veulent d\u00e9velopper leurs qualit\u00e9s pratiques, qui savent communiquer, respecter des consignes et faire preuve de curiosit\u00e9. Nous comptons sur des \u00e9l\u00e8ves qui veulent travailler s\u00e9rieusement avec des professionnels.<\/span><\/p>\n<p><strong>Programme de travail<\/strong><\/p>\n<ul class=\"spip\">\n<li>Le Bac Pro ICCER comprend des mati\u00e8res g\u00e9n\u00e9rales (fran\u00e7ais, histoire g\u00e9ographie, math\u00e9matiques et sciences, langue vivante, EPS) essentielles \u00e0 la formation de l\u2019\u00e9l\u00e8ve citoyen, \u00e0 sa culture g\u00e9n\u00e9rale et \u00e0 son autonomie.<\/li>\n<\/ul>\n<ul class=\"spip\">\n<li>Formation scientifique (physique appliqu\u00e9e \u00e0 la thermique et au froid, technologie des installations de chauffage, r\u00e9gulation des installations de chauffage, hydraulique, technologie froid et climatisation, a\u00e9raulique, Science et technologie du traitement, du transport, de la distribution et de la diffusion de l\u2019air, mise en route et optimisation des installations frigorifiques, travaux pratiques en climatisation, pr\u00e9paration aux habilitations \u00e9lectriques B1V et B R).<\/li>\n<\/ul>\n<ul class=\"spip\">\n<li>Formation en Milieu Professionnel = 22 semaines de PFMP (connaissance de l\u2019entreprise, analyse des syst\u00e8mes, organisation de chantier, relations humaines et commerciales).<\/li>\n<\/ul>\n<ul class=\"spip\">\n<li>En tant qu\u2019\u00e9l\u00e8ve, je vais donc apprendre \u00e0 r\u00e9aliser des installations neuves (\u00e9laborer des devis, des sch\u00e9mas, implanter des \u00e9quipements), pr\u00e9parer, organiser et suivre des chantiers (coordonner les travaux, g\u00e9rer l\u2019organisation du chantier, r\u00e9ceptionner des mat\u00e9riels), r\u00e9gler et contr\u00f4ler les appareils (intervenir sur le d\u00e9pannage d\u2019installations existantes, mise en service et essais).\u00a0<a href=\"https:\/\/www.youtube.com\/watch?v=QalXQygc7Y8\"><\/a><\/li>\n<\/ul>\n<p><a href=\"https:\/\/www.youtube.com\/watch?v=6R5EiYpL1ic\" target=\"_blank\" rel=\"noopener\"><\/a><\/p>\n<p>[\/et_pb_text][\/et_pb_column][\/et_pb_row][et_pb_row _builder_version=\u00a0\u00bb4.23.1&Prime; _module_preset=\u00a0\u00bbdefault\u00a0\u00bb][et_pb_column _builder_version=\u00a0\u00bb4.23.1&Prime; _module_preset=\u00a0\u00bbdefault\u00a0\u00bb type=\u00a0\u00bb4_4&Prime;][et_pb_video src=\u00a0\u00bbhttps:\/\/www.youtube.com\/watch?v=QalXQygc7Y8&Prime; _builder_version=\u00a0\u00bb4.23.1&Prime; _module_preset=\u00a0\u00bbdefault\u00a0\u00bb width=\u00a0\u00bb62%\u00a0\u00bb module_alignment=\u00a0\u00bbcenter\u00a0\u00bb border_radii=\u00a0\u00bbon|10px|10px|10px|10px\u00a0\u00bb border_width_all=\u00a0\u00bb5px\u00a0\u00bb border_color_all=\u00a0\u00bb#000000&Prime; hover_enabled=\u00a0\u00bb0&Prime; sticky_enabled=\u00a0\u00bb0&Prime;][\/et_pb_video][\/et_pb_column][\/et_pb_row][et_pb_row _builder_version=\u00a0\u00bb4.23.1&Prime; _module_preset=\u00a0\u00bbdefault\u00a0\u00bb global_colors_info=\u00a0\u00bb{}\u00a0\u00bb][et_pb_column type=\u00a0\u00bb4_4&Prime; _builder_version=\u00a0\u00bb4.23.1&Prime; _module_preset=\u00a0\u00bbdefault\u00a0\u00bb global_colors_info=\u00a0\u00bb{}\u00a0\u00bb][et_pb_gallery gallery_ids=\u00a0\u00bb630,631,632,633,634,635,636,637,638,639,640,641,642,643,644,645&Prime; fullwidth=\u00a0\u00bbon\u00a0\u00bb _builder_version=\u00a0\u00bb4.23.1&Prime; _module_preset=\u00a0\u00bbdefault\u00a0\u00bb animation_style=\u00a0\u00bbfade\u00a0\u00bb auto=\u00a0\u00bbon\u00a0\u00bb border_radii=\u00a0\u00bbon|10px|10px|10px|10px\u00a0\u00bb border_width_all=\u00a0\u00bb5px\u00a0\u00bb border_color_all=\u00a0\u00bb#000000&Prime; global_colors_info=\u00a0\u00bb{}\u00a0\u00bb][\/et_pb_gallery][\/et_pb_column][\/et_pb_row][et_pb_row _builder_version=\u00a0\u00bb4.23.1&Prime; _module_preset=\u00a0\u00bbdefault\u00a0\u00bb global_colors_info=\u00a0\u00bb{}\u00a0\u00bb][et_pb_column type=\u00a0\u00bb4_4&Prime; _builder_version=\u00a0\u00bb4.23.1&Prime; _module_preset=\u00a0\u00bbdefault\u00a0\u00bb global_colors_info=\u00a0\u00bb{}\u00a0\u00bb][et_pb_button button_url=\u00a0\u00bbhttps:\/\/www.lyceehenaff.fr\/wp-content\/uploads\/2023\/12\/plaquette_BACpro_ICCER__1_.pdf\u00a0\u00bb url_new_window=\u00a0\u00bbon\u00a0\u00bb button_text=\u00a0\u00bbPlaquette ICCER\u00a0\u00bb button_alignment=\u00a0\u00bbcenter\u00a0\u00bb _builder_version=\u00a0\u00bb4.23.1&Prime; _module_preset=\u00a0\u00bbdefault\u00a0\u00bb custom_button=\u00a0\u00bbon\u00a0\u00bb button_text_color=\u00a0\u00bb#000000&Prime; hover_enabled=\u00a0\u00bb0&Prime; global_colors_info=\u00a0\u00bb{}\u00a0\u00bb sticky_enabled=\u00a0\u00bb0&Prime;][\/et_pb_button][\/et_pb_column][\/et_pb_row][\/et_pb_section]<\/p>\n","protected":false},"excerpt":{"rendered":"<p>Pr\u00e9sentation du dipl\u00f4me\/m\u00e9tier Le\u00a0baccalaur\u00e9at professionnel Energ\u00e9tique pr\u00e9pare en 3 ans \u00e0 une int\u00e9gration dans la vie professionnelle et ponctuellement \u00e0 une poursuite d\u2019\u00e9tude. Le profil recherch\u00e9Le\u00a0Bac Pro ICCER s\u2019adresse \u00e0 des \u00e9l\u00e8ves qui veulent d\u00e9velopper leurs qualit\u00e9s pratiques, qui savent communiquer, respecter des consignes et faire preuve de curiosit\u00e9. Nous comptons sur des \u00e9l\u00e8ves qui [&hellip;]<\/p>\n","protected":false},"author":2,"featured_media":0,"parent":0,"menu_order":0,"comment_status":"closed","ping_status":"closed","template":"","meta":{"_et_pb_use_builder":"on","_et_pb_old_content":"","_et_gb_content_width":"","footnotes":""},"class_list":["post-624","page","type-page","status-publish","hentry"],"_links":{"self":[{"href":"https:\/\/www.lyceehenaff.fr\/index.php\/wp-json\/wp\/v2\/pages\/624","targetHints":{"allow":["GET"]}}],"collection":[{"href":"https:\/\/www.lyceehenaff.fr\/index.php\/wp-json\/wp\/v2\/pages"}],"about":[{"href":"https:\/\/www.lyceehenaff.fr\/index.php\/wp-json\/wp\/v2\/types\/page"}],"author":[{"embeddable":true,"href":"https:\/\/www.lyceehenaff.fr\/index.php\/wp-json\/wp\/v2\/users\/2"}],"replies":[{"embeddable":true,"href":"https:\/\/www.lyceehenaff.fr\/index.php\/wp-json\/wp\/v2\/comments?post=624"}],"version-history":[{"count":8,"href":"https:\/\/www.lyceehenaff.fr\/index.php\/wp-json\/wp\/v2\/pages\/624\/revisions"}],"predecessor-version":[{"id":968,"href":"https:\/\/www.lyceehenaff.fr\/index.php\/wp-json\/wp\/v2\/pages\/624\/revisions\/968"}],"wp:attachment":[{"href":"https:\/\/www.lyceehenaff.fr\/index.php\/wp-json\/wp\/v2\/media?parent=624"}],"curies":[{"name":"wp","href":"https:\/\/api.w.org\/{rel}","templated":true}]}}