{"id":660,"date":"2023-12-10T12:44:56","date_gmt":"2023-12-10T11:44:56","guid":{"rendered":"http:\/\/www.lyceehenaff.fr\/?page_id=660"},"modified":"2023-12-15T16:52:56","modified_gmt":"2023-12-15T15:52:56","slug":"cap-monteur-en-installations-thermiques-mit","status":"publish","type":"page","link":"https:\/\/www.lyceehenaff.fr\/index.php\/cap-monteur-en-installations-thermiques-mit\/","title":{"rendered":"CAP Monteur en installations thermiques (MIT)"},"content":{"rendered":"<p>[et_pb_section fb_built=\u00a0\u00bb1&Prime; _builder_version=\u00a0\u00bb4.23.1&Prime; _module_preset=\u00a0\u00bbdefault\u00a0\u00bb background_enable_image=\u00a0\u00bboff\u00a0\u00bb border_radii=\u00a0\u00bbon|10px|10px|10px|10px\u00a0\u00bb global_colors_info=\u00a0\u00bb{}\u00a0\u00bb][et_pb_row _builder_version=\u00a0\u00bb4.23.1&Prime; _module_preset=\u00a0\u00bbdefault\u00a0\u00bb global_colors_info=\u00a0\u00bb{}\u00a0\u00bb][et_pb_column type=\u00a0\u00bb4_4&Prime; _builder_version=\u00a0\u00bb4.23.1&Prime; _module_preset=\u00a0\u00bbdefault\u00a0\u00bb global_colors_info=\u00a0\u00bb{}\u00a0\u00bb][et_pb_heading title=\u00a0\u00bbCAP Monteur en installations thermiques (MIT)\u00a0\u00bb _builder_version=\u00a0\u00bb4.23.1&Prime; _module_preset=\u00a0\u00bbdefault\u00a0\u00bb global_colors_info=\u00a0\u00bb{}\u00a0\u00bb][\/et_pb_heading][\/et_pb_column][\/et_pb_row][\/et_pb_section][et_pb_section fb_built=\u00a0\u00bb1&Prime; _builder_version=\u00a0\u00bb4.23.1&Prime; _module_preset=\u00a0\u00bbdefault\u00a0\u00bb custom_margin=\u00a0\u00bb-126px|||||\u00a0\u00bb custom_padding=\u00a0\u00bb36px|||||\u00a0\u00bb global_colors_info=\u00a0\u00bb{}\u00a0\u00bb][et_pb_row _builder_version=\u00a0\u00bb4.23.1&Prime; _module_preset=\u00a0\u00bbdefault\u00a0\u00bb custom_margin=\u00a0\u00bb1px|auto||auto||\u00a0\u00bb global_colors_info=\u00a0\u00bb{}\u00a0\u00bb custom_padding=\u00a0\u00bb||18px|||\u00a0\u00bb][et_pb_column type=\u00a0\u00bb4_4&Prime; _builder_version=\u00a0\u00bb4.23.1&Prime; _module_preset=\u00a0\u00bbdefault\u00a0\u00bb global_colors_info=\u00a0\u00bb{}\u00a0\u00bb][et_pb_text _builder_version=\u00a0\u00bb4.23.1&Prime; _module_preset=\u00a0\u00bbdefault\u00a0\u00bb width=\u00a0\u00bb100%\u00a0\u00bb custom_margin=\u00a0\u00bb|422px||||\u00a0\u00bb link_option_url_new_window=\u00a0\u00bbon\u00a0\u00bb global_colors_info=\u00a0\u00bb{}\u00a0\u00bb]<\/p>\n<p><strong><\/strong><\/p>\n<p><strong>Pr\u00e9sentation du dipl\u00f4me\/m\u00e9tier<\/strong><\/p>\n<p>L<span>e titulaire de ce dipl\u00f4me est plus connu sous le nom de plombier-chauffagiste. Il est un professionnel qualifi\u00e9 charg\u00e9 de l\u2019installation, de l\u2019entretien et de la r\u00e9paration des syst\u00e8mes de chauffage, de climatisation et de ventilation (chaudi\u00e8res, radiateurs, g\u00e9n\u00e9rateurs, panneaux solaires\u2026) pour maisons individuelles, immeubles, commerces, b\u00e2timents industriels ou b\u00e2timents publics.<\/span><\/p>\n<p><strong>Le profil recherch\u00e9<\/strong><br class=\"autobr\" \/>Le<span> \u00a0CAP MIT est r\u00e9serv\u00e9 en priorit\u00e9 aux \u00e9l\u00e8ves issus de SEGPA (section d\u2019\u00e9ducation g\u00e9n\u00e9rale et professionnelle adapt\u00e9e), de 3<sup class=\"typo_exposants\">e<\/sup>\u00a0d\u2019insertion et de classe non francophone. Ce CAP s\u2019adresse aux \u00e9l\u00e8ves capable de d\u00e9velopper l\u2019attention aux r\u00e8gles de s\u00e9curit\u00e9 et la m\u00e9thodologie du travail.<br class=\"autobr\" \/>Il est de tradition que l\u2019\u00e9quipe p\u00e9dagogique du lyc\u00e9e propose \u00e0 des \u00e9l\u00e8ves tr\u00e8s motiv\u00e9s de s\u2019inscrire au concours \u00ab\u00a0Meilleurs Apprentis de France\u00a0\u00bb<\/span><\/p>\n<p><strong>Programme de travail<\/strong><br class=\"autobr\" \/>Le CAP comprend des mati\u00e8res g\u00e9n\u00e9rales (fran\u00e7ais, histoire g\u00e9ographie, math\u00e9matiques et sciences, langue vivante, EPS) essentielles \u00e0 la formation de l\u2019\u00e9l\u00e8ve citoyen, \u00e0 sa culture g\u00e9n\u00e9rale et \u00e0 son autonomie.<br class=\"autobr\" \/>Le CAP comprend aussi des mati\u00e8res professionnelles (pr\u00e9paration et mise en \u0153uvre, maintenance et technologie, PFMP). Elles permettent l\u2019apprentissage de la pose, du branchement des appareils, de leur mise en service, de leur entretien et de leur d\u00e9pannage. Il permet \u00e9galement d\u2019apprendre \u00e0 expliquer et indiquer \u00e0 l\u2019utilisateur les r\u00e8gles de bonne exploitation.<\/p>\n<blockquote><\/blockquote>\n<p><strong>Poursuite d\u2019\u00e9tudes et d\u00e9bouch\u00e9s professionnels<\/strong><br class=\"autobr\" \/>Ce CAP est plut\u00f4t destin\u00e9 \u00e0 une entr\u00e9e dans la vie active avec la possibilit\u00e9 de pr\u00e9parer un<span>\u00a0<\/span>BP Monteur en installations du g\u00e9nie climatique et sanitaire<span>\u00a0<\/span>en alternance, cependant, il est aussi possible pour les \u00e9l\u00e8ves qui ont obtenu de tr\u00e8s bons r\u00e9sultats scolaires d\u2019int\u00e9grer une classe de 1<sup class=\"typo_exposants\">re<\/sup><span>\u00a0<\/span>professionnelle (Bac Pro TISEC ou TMSEC)<\/p>\n<blockquote><\/blockquote>\n<p>Le titulaire du CAP peut \u00eatre employ\u00e9 dans une entreprise d\u2019installations thermiques. Son activit\u00e9 s\u2019exerce en g\u00e9n\u00e9ral sur un chantier de constructions neuves ou en r\u00e9habilitation, ou en entretien de l\u2019existant, le plus souvent chez des particuliers. Il travaille sous la responsabilit\u00e9 d\u2019un chef de chantier<\/p>\n<p><strong>Modalit\u00e9s d\u2019examen<\/strong><br class=\"autobr\" \/>L\u2019examen peut \u00eatre organis\u00e9 sous forme globale (le candidat pr\u00e9sente toutes les \u00e9preuves au cours d\u2019une m\u00eame session) ou progressive (le candidat choisit les \u00e9preuves qu\u2019il souhaite pr\u00e9senter \u00e0 chaque session), le mode d\u2019\u00e9valuation se fera sous la forme d\u2019un contr\u00f4le en cours de formation.<a href=\"https:\/\/www.youtube.com\/watch?v=QalXQygc7Y8\"><\/a><\/p>\n<p><a href=\"https:\/\/www.youtube.com\/watch?v=6R5EiYpL1ic\" target=\"_blank\" rel=\"noopener\"><\/a><\/p>\n<p>[\/et_pb_text][\/et_pb_column][\/et_pb_row][et_pb_row _builder_version=\u00a0\u00bb4.23.1&Prime; _module_preset=\u00a0\u00bbdefault\u00a0\u00bb][et_pb_column _builder_version=\u00a0\u00bb4.23.1&Prime; _module_preset=\u00a0\u00bbdefault\u00a0\u00bb type=\u00a0\u00bb4_4&Prime;][et_pb_video src=\u00a0\u00bbhttps:\/\/www.youtube.com\/watch?v=QalXQygc7Y8&Prime; _builder_version=\u00a0\u00bb4.23.1&Prime; _module_preset=\u00a0\u00bbdefault\u00a0\u00bb width=\u00a0\u00bb62%\u00a0\u00bb module_alignment=\u00a0\u00bbcenter\u00a0\u00bb border_radii=\u00a0\u00bbon|10px|10px|10px|10px\u00a0\u00bb border_width_all=\u00a0\u00bb5px\u00a0\u00bb border_color_all=\u00a0\u00bb#000000&Prime; hover_enabled=\u00a0\u00bb0&Prime; sticky_enabled=\u00a0\u00bb0&Prime;][\/et_pb_video][\/et_pb_column][\/et_pb_row][et_pb_row _builder_version=\u00a0\u00bb4.23.1&Prime; _module_preset=\u00a0\u00bbdefault\u00a0\u00bb global_colors_info=\u00a0\u00bb{}\u00a0\u00bb][et_pb_column type=\u00a0\u00bb4_4&Prime; _builder_version=\u00a0\u00bb4.23.1&Prime; _module_preset=\u00a0\u00bbdefault\u00a0\u00bb global_colors_info=\u00a0\u00bb{}\u00a0\u00bb][et_pb_gallery gallery_ids=\u00a0\u00bb630,631,632,633,634,635,636,637,638,639,640,641,642,643,644,645&Prime; fullwidth=\u00a0\u00bbon\u00a0\u00bb _builder_version=\u00a0\u00bb4.23.1&Prime; _module_preset=\u00a0\u00bbdefault\u00a0\u00bb animation_style=\u00a0\u00bbfade\u00a0\u00bb auto=\u00a0\u00bbon\u00a0\u00bb border_radii=\u00a0\u00bbon|10px|10px|10px|10px\u00a0\u00bb border_width_all=\u00a0\u00bb5px\u00a0\u00bb border_color_all=\u00a0\u00bb#000000&Prime; global_colors_info=\u00a0\u00bb{}\u00a0\u00bb][\/et_pb_gallery][\/et_pb_column][\/et_pb_row][et_pb_row _builder_version=\u00a0\u00bb4.23.1&Prime; _module_preset=\u00a0\u00bbdefault\u00a0\u00bb global_colors_info=\u00a0\u00bb{}\u00a0\u00bb][et_pb_column type=\u00a0\u00bb4_4&Prime; _builder_version=\u00a0\u00bb4.23.1&Prime; _module_preset=\u00a0\u00bbdefault\u00a0\u00bb global_colors_info=\u00a0\u00bb{}\u00a0\u00bb][et_pb_button button_url=\u00a0\u00bbhttps:\/\/www.lyceehenaff.fr\/wp-content\/uploads\/2023\/12\/plaquette_CAP_MIT.pdf\u00a0\u00bb url_new_window=\u00a0\u00bbon\u00a0\u00bb button_text=\u00a0\u00bbPlaquette CAP MIT\u00a0\u00bb button_alignment=\u00a0\u00bbcenter\u00a0\u00bb _builder_version=\u00a0\u00bb4.23.1&Prime; _module_preset=\u00a0\u00bbdefault\u00a0\u00bb custom_button=\u00a0\u00bbon\u00a0\u00bb button_text_color=\u00a0\u00bb#000000&Prime; hover_enabled=\u00a0\u00bb0&Prime; global_colors_info=\u00a0\u00bb{}\u00a0\u00bb sticky_enabled=\u00a0\u00bb0&Prime;][\/et_pb_button][\/et_pb_column][\/et_pb_row][\/et_pb_section]<\/p>\n","protected":false},"excerpt":{"rendered":"<p>Pr\u00e9sentation du dipl\u00f4me\/m\u00e9tier Le titulaire de ce dipl\u00f4me est plus connu sous le nom de plombier-chauffagiste. Il est un professionnel qualifi\u00e9 charg\u00e9 de l\u2019installation, de l\u2019entretien et de la r\u00e9paration des syst\u00e8mes de chauffage, de climatisation et de ventilation (chaudi\u00e8res, radiateurs, g\u00e9n\u00e9rateurs, panneaux solaires\u2026) pour maisons individuelles, immeubles, commerces, b\u00e2timents industriels ou b\u00e2timents publics. Le [&hellip;]<\/p>\n","protected":false},"author":2,"featured_media":0,"parent":0,"menu_order":0,"comment_status":"closed","ping_status":"closed","template":"","meta":{"_et_pb_use_builder":"on","_et_pb_old_content":"","_et_gb_content_width":"","footnotes":""},"class_list":["post-660","page","type-page","status-publish","hentry"],"_links":{"self":[{"href":"https:\/\/www.lyceehenaff.fr\/index.php\/wp-json\/wp\/v2\/pages\/660","targetHints":{"allow":["GET"]}}],"collection":[{"href":"https:\/\/www.lyceehenaff.fr\/index.php\/wp-json\/wp\/v2\/pages"}],"about":[{"href":"https:\/\/www.lyceehenaff.fr\/index.php\/wp-json\/wp\/v2\/types\/page"}],"author":[{"embeddable":true,"href":"https:\/\/www.lyceehenaff.fr\/index.php\/wp-json\/wp\/v2\/users\/2"}],"replies":[{"embeddable":true,"href":"https:\/\/www.lyceehenaff.fr\/index.php\/wp-json\/wp\/v2\/comments?post=660"}],"version-history":[{"count":6,"href":"https:\/\/www.lyceehenaff.fr\/index.php\/wp-json\/wp\/v2\/pages\/660\/revisions"}],"predecessor-version":[{"id":964,"href":"https:\/\/www.lyceehenaff.fr\/index.php\/wp-json\/wp\/v2\/pages\/660\/revisions\/964"}],"wp:attachment":[{"href":"https:\/\/www.lyceehenaff.fr\/index.php\/wp-json\/wp\/v2\/media?parent=660"}],"curies":[{"name":"wp","href":"https:\/\/api.w.org\/{rel}","templated":true}]}}