{"id":675,"date":"2023-12-10T14:38:29","date_gmt":"2023-12-10T13:38:29","guid":{"rendered":"http:\/\/www.lyceehenaff.fr\/?page_id=675"},"modified":"2023-12-15T16:43:00","modified_gmt":"2023-12-15T15:43:00","slug":"bma-graphisme-et-decor-option-graphiste-en-lettres-et-decors","status":"publish","type":"page","link":"https:\/\/www.lyceehenaff.fr\/index.php\/bma-graphisme-et-decor-option-graphiste-en-lettres-et-decors\/","title":{"rendered":"BMA Graphisme et d\u00e9cor, option graphiste en lettres et d\u00e9cors"},"content":{"rendered":"<p>[et_pb_section fb_built=\u00a0\u00bb1&Prime; _builder_version=\u00a0\u00bb4.23.1&Prime; _module_preset=\u00a0\u00bbdefault\u00a0\u00bb background_enable_image=\u00a0\u00bboff\u00a0\u00bb border_radii=\u00a0\u00bbon|10px|10px|10px|10px\u00a0\u00bb global_colors_info=\u00a0\u00bb{}\u00a0\u00bb][et_pb_row _builder_version=\u00a0\u00bb4.23.1&Prime; _module_preset=\u00a0\u00bbdefault\u00a0\u00bb global_colors_info=\u00a0\u00bb{}\u00a0\u00bb][et_pb_column type=\u00a0\u00bb4_4&Prime; _builder_version=\u00a0\u00bb4.23.1&Prime; _module_preset=\u00a0\u00bbdefault\u00a0\u00bb global_colors_info=\u00a0\u00bb{}\u00a0\u00bb][et_pb_heading title=\u00a0\u00bbBMA Graphisme et d\u00e9cor, option graphiste en lettres et d\u00e9cors\u00a0\u00bb _builder_version=\u00a0\u00bb4.23.1&Prime; _module_preset=\u00a0\u00bbdefault\u00a0\u00bb title_text_align=\u00a0\u00bbleft\u00a0\u00bb global_colors_info=\u00a0\u00bb{}\u00a0\u00bb][\/et_pb_heading][\/et_pb_column][\/et_pb_row][\/et_pb_section][et_pb_section fb_built=\u00a0\u00bb1&Prime; _builder_version=\u00a0\u00bb4.23.1&Prime; _module_preset=\u00a0\u00bbdefault\u00a0\u00bb custom_margin=\u00a0\u00bb-126px|||||\u00a0\u00bb custom_padding=\u00a0\u00bb36px|||||\u00a0\u00bb global_colors_info=\u00a0\u00bb{}\u00a0\u00bb][et_pb_row _builder_version=\u00a0\u00bb4.23.1&Prime; _module_preset=\u00a0\u00bbdefault\u00a0\u00bb custom_margin=\u00a0\u00bb1px|auto||auto||\u00a0\u00bb global_colors_info=\u00a0\u00bb{}\u00a0\u00bb][et_pb_column type=\u00a0\u00bb4_4&Prime; _builder_version=\u00a0\u00bb4.23.1&Prime; _module_preset=\u00a0\u00bbdefault\u00a0\u00bb global_colors_info=\u00a0\u00bb{}\u00a0\u00bb][et_pb_text _builder_version=\u00a0\u00bb4.23.1&Prime; _module_preset=\u00a0\u00bbdefault\u00a0\u00bb width=\u00a0\u00bb80%\u00a0\u00bb custom_margin=\u00a0\u00bb|422px||||\u00a0\u00bb link_option_url_new_window=\u00a0\u00bbon\u00a0\u00bb locked=\u00a0\u00bboff\u00a0\u00bb global_colors_info=\u00a0\u00bb{}\u00a0\u00bb]<\/p>\n<p><strong>Pr\u00e9sentation du dipl\u00f4me\/m\u00e9tier<\/strong><\/p>\n<ul class=\"spip\">\n<li><strong>La signal\u00e9tique<span>\u00a0<\/span><\/strong>regroupe tous les supports visuels permettant d\u2019identifier, d\u2019informer et d\u2019orienter dans un b\u00e2timent, sur un lieu ou le long d\u2019un parcours.<\/li>\n<\/ul>\n<ul class=\"spip\">\n<li><strong>L\u2019enseigne<\/strong><span>\u00a0<\/span>d\u00e9signe tous les \u00e9l\u00e9ments qui identifient un lieu, tels les commerces, les entreprises, les lieux publics ou culturels.<\/li>\n<\/ul>\n<ul class=\"spip\">\n<li><strong>Le d\u00e9cor<\/strong><span>\u00a0<\/span>est constitu\u00e9 d\u2019\u00e9l\u00e9ments graphiques\u00a0: pictogrammes, typographies, silhouettes, motifs qui animent des surfaces opaques et\/ou transparentes.<\/li>\n<\/ul>\n<p>Le titulaire du brevet des m\u00e9tiers d\u2019art sera amen\u00e9 \u00e0 travailler comme<span>\u00a0<\/span><strong>technicien sp\u00e9cialis\u00e9 dans l\u2019industrie graphique et la communication<\/strong>. En liaison avec le concepteur, il sera, apr\u00e8s quelques ann\u00e9es de pratique, appel\u00e9 \u00e0 devenir<strong><span>\u00a0<\/span>animateur<\/strong>,<span>\u00a0<\/span><strong>chef d\u2019atelier<\/strong>,<span>\u00a0<\/span><strong>responsable de chantier<\/strong>.<\/p>\n<p><strong>Le profil recherch\u00e9<\/strong><\/p>\n<ul class=\"spip\">\n<li>Le brevet des m\u00e9tiers d\u2019arts s\u2019adresse \u00e0 des \u00e9l\u00e8ves curieux, qui veulent d\u00e9velopper leurs qualit\u00e9s manuelles et r\u00e9flexives\u00a0; qui sont pr\u00eats \u00e0 s\u2019adapter \u00e0 des contraintes li\u00e9s \u00e0 un projet afin d\u2019apprendre \u00e0 le communiquer graphiquement et oralement.<\/li>\n<\/ul>\n<p>Nous comptons sur des \u00e9l\u00e8ves qui veulent s\u2019investir tant dans leurs \u00e9tudes que dans le milieu professionnel et qui ont envie d\u2019 apprendre \u00e0 travailler en \u00e9quipe.<\/p>\n<p><strong>Programme de travail<\/strong><\/p>\n<ul class=\"spip\">\n<li>En BMA, les apprentissages sont faits dans le cadre de projets, en concevant et en fabricant des r\u00e9alisations\u00a0: de la conception appliqu\u00e9e en passant par la r\u00e9alisation et la mise en situation sur site.<\/li>\n<\/ul>\n<ul class=\"spip\">\n<li>Il exerce tout ou partie des fonctions relatives au travail de l\u2019image et du graphisme, au travail informatique, aux r\u00e9alisations sur tous supports et tous formats, \u00e0 la d\u00e9coration de surfaces et de volumes en liaison avec le concepteur.<\/li>\n<\/ul>\n<p>Ses activit\u00e9s professionnelles consistent \u00e0\u00a0:<\/p>\n<ul class=\"spip\">\n<li>ex\u00e9cuter une \u00e9bauche, un croquis, un rough et r\u00e9aliser le projet maquette ou le prototype\u00a0;<\/li>\n<li>\u00e9tablir des relations avec les fournisseurs et les partenaires sous-traitants, r\u00e9ceptionner et contr\u00f4ler les approvisionnements, v\u00e9rifier l\u2019\u00e9tat de fonctionnement des mat\u00e9riels, organiser les postes de travail et pr\u00e9parer supports et mati\u00e8re d\u2019\u0153uvre\u00a0;<\/li>\n<li>choisir les proc\u00e9d\u00e9s et les m\u00e9thodes et r\u00e9aliser des d\u00e9cors (murs peints, panneaux \u00e9v\u00e8nementiels, vitrines, v\u00e9hicules, panoramiques, trompe-l\u2019\u0153il,&#8230;), des repr\u00e9sentations graphiques et d\u00e9coratives de mati\u00e8res, des filages ou patines, des travaux \u00e0 la feuille d\u2019or, d\u2019argent, de cuivre,&#8230;<\/li>\n<\/ul>\n<ul class=\"spip\">\n<li>P\u00e9riode de formation en milieu professionnel de 12 semaines r\u00e9parties sur les deux ann\u00e9es.<\/li>\n<\/ul>\n<p><strong><\/strong><span style=\"font-size: 14px;\">\u00a0<\/span><\/p>\n<p><strong>Poursuite d\u2019\u00e9tudes et d\u00e9bouch\u00e9s professionnels<\/strong><\/p>\n<ul class=\"spip\">\n<li><span>DMA D\u00e9cor architectural, option d\u00e9cor du mur<\/span><\/li>\n<li><span>DMA Habitat, option D\u00e9cors et mobiliers, sp\u00e9cialit\u00e9 d\u00e9cor et traitements de surfaces<\/span><\/li>\n<li><a href=\"https:\/\/www.onisep.fr\/metier\/decouvrir-le-monde-professionnel\/art-et-design\/les-metiers-et-l-emploi-dans-l-art-et-le-design\">M\u00e9tiers d\u2019art et du design<span>&#8230;<\/span><\/a><\/li>\n<\/ul>\n<p><a href=\"https:\/\/www.youtube.com\/watch?v=6R5EiYpL1ic\" target=\"_blank\" rel=\"noopener\"><\/a><\/p>\n<p>[\/et_pb_text][\/et_pb_column][\/et_pb_row][et_pb_row _builder_version=\u00a0\u00bb4.23.1&Prime; _module_preset=\u00a0\u00bbdefault\u00a0\u00bb][et_pb_column _builder_version=\u00a0\u00bb4.23.1&Prime; _module_preset=\u00a0\u00bbdefault\u00a0\u00bb type=\u00a0\u00bb4_4&Prime;][et_pb_video src=\u00a0\u00bbhttps:\/\/www.youtube.com\/watch?v=wCN4T-JJqD4&Prime; _builder_version=\u00a0\u00bb4.23.1&Prime; _module_preset=\u00a0\u00bbdefault\u00a0\u00bb hover_enabled=\u00a0\u00bb0&Prime; sticky_enabled=\u00a0\u00bb0&Prime; border_radii=\u00a0\u00bbon|10px|10px|10px|10px\u00a0\u00bb border_width_all=\u00a0\u00bb5px\u00a0\u00bb border_color_all=\u00a0\u00bb#000000&Prime; width=\u00a0\u00bb62%\u00a0\u00bb module_alignment=\u00a0\u00bbcenter\u00a0\u00bb][\/et_pb_video][\/et_pb_column][\/et_pb_row][et_pb_row _builder_version=\u00a0\u00bb4.23.1&Prime; _module_preset=\u00a0\u00bbdefault\u00a0\u00bb global_colors_info=\u00a0\u00bb{}\u00a0\u00bb][et_pb_column type=\u00a0\u00bb4_4&Prime; _builder_version=\u00a0\u00bb4.23.1&Prime; _module_preset=\u00a0\u00bbdefault\u00a0\u00bb global_colors_info=\u00a0\u00bb{}\u00a0\u00bb][et_pb_gallery gallery_ids=\u00a0\u00bb559,560,561,562,563,564,565,566,567,568,569,570,571&Prime; fullwidth=\u00a0\u00bbon\u00a0\u00bb _builder_version=\u00a0\u00bb4.23.1&Prime; _module_preset=\u00a0\u00bbdefault\u00a0\u00bb animation_style=\u00a0\u00bbfade\u00a0\u00bb auto=\u00a0\u00bbon\u00a0\u00bb border_radii=\u00a0\u00bbon|10px|10px|10px|10px\u00a0\u00bb border_width_all=\u00a0\u00bb5px\u00a0\u00bb border_color_all=\u00a0\u00bb#000000&Prime; global_colors_info=\u00a0\u00bb{}\u00a0\u00bb][\/et_pb_gallery][\/et_pb_column][\/et_pb_row][et_pb_row _builder_version=\u00a0\u00bb4.23.1&Prime; _module_preset=\u00a0\u00bbdefault\u00a0\u00bb global_colors_info=\u00a0\u00bb{}\u00a0\u00bb][et_pb_column type=\u00a0\u00bb4_4&Prime; _builder_version=\u00a0\u00bb4.23.1&Prime; _module_preset=\u00a0\u00bbdefault\u00a0\u00bb global_colors_info=\u00a0\u00bb{}\u00a0\u00bb][et_pb_button button_url=\u00a0\u00bbhttps:\/\/www.lyceehenaff.fr\/wp-content\/uploads\/2023\/12\/plaquette_SDG.pdf\u00a0\u00bb url_new_window=\u00a0\u00bbon\u00a0\u00bb button_text=\u00a0\u00bbPlaquette Arts Graphiques\u00a0\u00bb button_alignment=\u00a0\u00bbcenter\u00a0\u00bb _builder_version=\u00a0\u00bb4.23.1&Prime; _module_preset=\u00a0\u00bbdefault\u00a0\u00bb custom_button=\u00a0\u00bbon\u00a0\u00bb button_text_color=\u00a0\u00bb#000000&Prime; global_colors_info=\u00a0\u00bb{}\u00a0\u00bb][\/et_pb_button][\/et_pb_column][\/et_pb_row][\/et_pb_section]<\/p>\n","protected":false},"excerpt":{"rendered":"<p>Pr\u00e9sentation du dipl\u00f4me\/m\u00e9tier La signal\u00e9tique\u00a0regroupe tous les supports visuels permettant d\u2019identifier, d\u2019informer et d\u2019orienter dans un b\u00e2timent, sur un lieu ou le long d\u2019un parcours. L\u2019enseigne\u00a0d\u00e9signe tous les \u00e9l\u00e9ments qui identifient un lieu, tels les commerces, les entreprises, les lieux publics ou culturels. Le d\u00e9cor\u00a0est constitu\u00e9 d\u2019\u00e9l\u00e9ments graphiques\u00a0: pictogrammes, typographies, silhouettes, motifs qui animent des [&hellip;]<\/p>\n","protected":false},"author":2,"featured_media":0,"parent":0,"menu_order":0,"comment_status":"closed","ping_status":"closed","template":"","meta":{"_et_pb_use_builder":"on","_et_pb_old_content":"","_et_gb_content_width":"","footnotes":""},"class_list":["post-675","page","type-page","status-publish","hentry"],"_links":{"self":[{"href":"https:\/\/www.lyceehenaff.fr\/index.php\/wp-json\/wp\/v2\/pages\/675","targetHints":{"allow":["GET"]}}],"collection":[{"href":"https:\/\/www.lyceehenaff.fr\/index.php\/wp-json\/wp\/v2\/pages"}],"about":[{"href":"https:\/\/www.lyceehenaff.fr\/index.php\/wp-json\/wp\/v2\/types\/page"}],"author":[{"embeddable":true,"href":"https:\/\/www.lyceehenaff.fr\/index.php\/wp-json\/wp\/v2\/users\/2"}],"replies":[{"embeddable":true,"href":"https:\/\/www.lyceehenaff.fr\/index.php\/wp-json\/wp\/v2\/comments?post=675"}],"version-history":[{"count":6,"href":"https:\/\/www.lyceehenaff.fr\/index.php\/wp-json\/wp\/v2\/pages\/675\/revisions"}],"predecessor-version":[{"id":960,"href":"https:\/\/www.lyceehenaff.fr\/index.php\/wp-json\/wp\/v2\/pages\/675\/revisions\/960"}],"wp:attachment":[{"href":"https:\/\/www.lyceehenaff.fr\/index.php\/wp-json\/wp\/v2\/media?parent=675"}],"curies":[{"name":"wp","href":"https:\/\/api.w.org\/{rel}","templated":true}]}}