{"id":866,"date":"2023-12-13T20:02:45","date_gmt":"2023-12-13T19:02:45","guid":{"rendered":"http:\/\/www.lyceehenaff.fr\/?page_id=866"},"modified":"2023-12-13T20:03:22","modified_gmt":"2023-12-13T19:03:22","slug":"lenseignement-des-langues-vivantes-au-lycee","status":"publish","type":"page","link":"https:\/\/www.lyceehenaff.fr\/index.php\/lenseignement-des-langues-vivantes-au-lycee\/","title":{"rendered":"L&rsquo;enseignement des langues vivantes au lyc\u00e9e"},"content":{"rendered":"<p>[et_pb_section fb_built=\u00a0\u00bb1&Prime; _builder_version=\u00a0\u00bb4.23.1&Prime; _module_preset=\u00a0\u00bbdefault\u00a0\u00bb global_colors_info=\u00a0\u00bb{}\u00a0\u00bb theme_builder_area=\u00a0\u00bbpost_content\u00a0\u00bb][et_pb_row _builder_version=\u00a0\u00bb4.23.1&Prime; _module_preset=\u00a0\u00bbdefault\u00a0\u00bb global_colors_info=\u00a0\u00bb{}\u00a0\u00bb theme_builder_area=\u00a0\u00bbpost_content\u00a0\u00bb][et_pb_column type=\u00a0\u00bb4_4&Prime; _builder_version=\u00a0\u00bb4.23.1&Prime; _module_preset=\u00a0\u00bbdefault\u00a0\u00bb global_colors_info=\u00a0\u00bb{}\u00a0\u00bb theme_builder_area=\u00a0\u00bbpost_content\u00a0\u00bb][et_pb_text _builder_version=\u00a0\u00bb4.23.1&Prime; _module_preset=\u00a0\u00bbdefault\u00a0\u00bb global_colors_info=\u00a0\u00bb{}\u00a0\u00bb theme_builder_area=\u00a0\u00bbpost_content\u00a0\u00bb]<\/p>\n<p><strong>Trois langues vivantes sont propos\u00e9es au lyc\u00e9e\u00a0: Allemand, Espagnol et Italien.<\/strong><\/p>\n<p><strong>Au Lyc\u00e9e G\u00e9n\u00e9ral et Technologique\u00a0:<\/strong><\/p>\n<ul class=\"spip\">\n<li>un choix de langues vivantes d\u00e8s la seconde\u00a0:<\/li>\n<li>LVA\u00a0: Anglais (possibilit\u00e9 de choisir sp\u00e9cialit\u00e9 anglais monde contemporain)<\/li>\n<li>Un choix de LVB\u00a0: Allemand, Espagnol, Italien<br class=\"autobr\" \/><strong><br class=\"autobr\" \/>Au Lyc\u00e9e Professionnel<\/strong><\/li>\n<li>une LVA\u00a0: Anglais<\/li>\n<li>section euro en BMA<\/li>\n<\/ul>\n<p><strong>Les certifications en langues\u00a0:<\/strong><\/p>\n<ul class=\"spip\">\n<li><strong>Certification en allemand<\/strong><span>\u00a0<\/span>pour les \u00e9l\u00e8ves de 2de GT. Ce dipl\u00f4me est reconnu internationalement et constitue un plus sur le CV des \u00e9l\u00e8ves. Il atteste d\u2019un niveau A2 ou B1, et pr\u00e9pare d\u2019ores et d\u00e9j\u00e0 les \u00e9l\u00e8ves aux 4 \u00e9preuves de contr\u00f4le continu\u00a0: expressions et compr\u00e9hensions orales, expressions et compr\u00e9hensions \u00e9crites.<\/li>\n<\/ul>\n<p>[\/et_pb_text][\/et_pb_column][\/et_pb_row][\/et_pb_section]<\/p>\n","protected":false},"excerpt":{"rendered":"<p>Trois langues vivantes sont propos\u00e9es au lyc\u00e9e\u00a0: Allemand, Espagnol et Italien. Au Lyc\u00e9e G\u00e9n\u00e9ral et Technologique\u00a0: un choix de langues vivantes d\u00e8s la seconde\u00a0: LVA\u00a0: Anglais (possibilit\u00e9 de choisir sp\u00e9cialit\u00e9 anglais monde contemporain) Un choix de LVB\u00a0: Allemand, Espagnol, ItalienAu Lyc\u00e9e Professionnel une LVA\u00a0: Anglais section euro en BMA Les certifications en langues\u00a0: Certification en [&hellip;]<\/p>\n","protected":false},"author":2,"featured_media":0,"parent":0,"menu_order":0,"comment_status":"closed","ping_status":"closed","template":"","meta":{"_et_pb_use_builder":"on","_et_pb_old_content":"","_et_gb_content_width":"","footnotes":""},"class_list":["post-866","page","type-page","status-publish","hentry"],"_links":{"self":[{"href":"https:\/\/www.lyceehenaff.fr\/index.php\/wp-json\/wp\/v2\/pages\/866","targetHints":{"allow":["GET"]}}],"collection":[{"href":"https:\/\/www.lyceehenaff.fr\/index.php\/wp-json\/wp\/v2\/pages"}],"about":[{"href":"https:\/\/www.lyceehenaff.fr\/index.php\/wp-json\/wp\/v2\/types\/page"}],"author":[{"embeddable":true,"href":"https:\/\/www.lyceehenaff.fr\/index.php\/wp-json\/wp\/v2\/users\/2"}],"replies":[{"embeddable":true,"href":"https:\/\/www.lyceehenaff.fr\/index.php\/wp-json\/wp\/v2\/comments?post=866"}],"version-history":[{"count":3,"href":"https:\/\/www.lyceehenaff.fr\/index.php\/wp-json\/wp\/v2\/pages\/866\/revisions"}],"predecessor-version":[{"id":869,"href":"https:\/\/www.lyceehenaff.fr\/index.php\/wp-json\/wp\/v2\/pages\/866\/revisions\/869"}],"wp:attachment":[{"href":"https:\/\/www.lyceehenaff.fr\/index.php\/wp-json\/wp\/v2\/media?parent=866"}],"curies":[{"name":"wp","href":"https:\/\/api.w.org\/{rel}","templated":true}]}}